{"id":4123,"date":"2022-03-10T10:04:07","date_gmt":"2022-03-10T10:04:07","guid":{"rendered":"https:\/\/globalpolicy.ai\/?page_id=4123"},"modified":"2022-06-10T11:26:54","modified_gmt":"2022-06-10T11:26:54","slug":"reports","status":"publish","type":"page","link":"https:\/\/globalpolicy.ai\/fr\/resources\/reports\/","title":{"rendered":"Reports"},"content":{"rendered":"<div data-elementor-type=\"wp-page\" data-elementor-id=\"4123\" class=\"elementor elementor-4123\">\n\t\t\t\t\t\t<div class=\"elementor-inner\">\n\t\t\t\t<div class=\"elementor-section-wrap\">\n\t\t\t\t\t\t\t\t\t<section class=\"has_eae_slider elementor-section elementor-top-section elementor-element elementor-element-25d17c6f elementor-section-content-middle elementor-section-boxed elementor-section-height-default elementor-section-height-default\" data-id=\"25d17c6f\" data-element_type=\"section\">\n\t\t\t\t\t\t\t<div class=\"elementor-background-overlay\"><\/div>\n\t\t\t\t\t\t\t<div class=\"elementor-container elementor-column-gap-default\">\n\t\t\t\t\t\t\t<div class=\"elementor-row\">\n\t\t\t\t\t<div class=\"has_eae_slider elementor-column elementor-col-50 elementor-top-column elementor-element elementor-element-19231887\" data-id=\"19231887\" data-element_type=\"column\">\n\t\t\t<div class=\"elementor-column-wrap elementor-element-populated\">\n\t\t\t\t\t\t\t<div class=\"elementor-widget-wrap\">\n\t\t\t\t\t\t<div class=\"elementor-element elementor-element-63943e2f elementor-widget elementor-widget-image\" data-id=\"63943e2f\" data-element_type=\"widget\" data-widget_type=\"image.default\">\n\t\t\t\t<div class=\"elementor-widget-container\">\n\t\t\t\t\t\t\t\t<div class=\"elementor-image\">\n\t\t\t\t\t\t\t\t\t\t\t\t\t<a href=\"https:\/\/globalpolicy.ai\/fr\/\">\n\t\t\t\t\t\t\t<img width=\"550\" height=\"213\" src=\"https:\/\/globalpolicy.ai\/app\/uploads\/2021\/06\/GlobalPolicy-AI-Logoai-550px.png\" class=\"attachment-large size-large\" alt=\"globalpolicyai logo\" loading=\"lazy\" srcset=\"https:\/\/globalpolicy.ai\/app\/uploads\/2021\/06\/GlobalPolicy-AI-Logoai-550px.png 550w, https:\/\/globalpolicy.ai\/app\/uploads\/2021\/06\/GlobalPolicy-AI-Logoai-550px-300x116.png 300w, https:\/\/globalpolicy.ai\/app\/uploads\/2021\/06\/GlobalPolicy-AI-Logoai-550px-16x6.png 16w\" sizes=\"(max-width: 550px) 100vw, 550px\" \/>\t\t\t\t\t\t\t\t<\/a>\n\t\t\t\t\t\t\t\t\t\t\t\t\t\t<\/div>\n\t\t\t\t\t\t<\/div>\n\t\t\t\t<\/div>\n\t\t\t\t\t\t<\/div>\n\t\t\t\t\t<\/div>\n\t\t<\/div>\n\t\t\t\t<div class=\"has_eae_slider elementor-column elementor-col-50 elementor-top-column elementor-element elementor-element-12d472f8\" data-id=\"12d472f8\" data-element_type=\"column\">\n\t\t\t<div class=\"elementor-column-wrap elementor-element-populated\">\n\t\t\t\t\t\t\t<div class=\"elementor-widget-wrap\">\n\t\t\t\t\t\t<div class=\"elementor-element elementor-element-7f89a949 elementor-widget elementor-widget-heading\" data-id=\"7f89a949\" data-element_type=\"widget\" data-widget_type=\"heading.default\">\n\t\t\t\t<div class=\"elementor-widget-container\">\n\t\t\t<h2 class=\"elementor-heading-title elementor-size-default\">Atteindre des objectifs communs par la coop\u00e9ration intergouvernementale sur l\u2019IA<\/h2>\t\t<\/div>\n\t\t\t\t<\/div>\n\t\t\t\t\t\t<\/div>\n\t\t\t\t\t<\/div>\n\t\t<\/div>\n\t\t\t\t\t\t\t\t<\/div>\n\t\t\t\t\t<\/div>\n\t\t<\/section>\n\t\t\t\t<section class=\"has_eae_slider elementor-section elementor-top-section elementor-element elementor-element-1ad84969 elementor-section-content-middle elementor-section-boxed elementor-section-height-default elementor-section-height-default\" data-id=\"1ad84969\" data-element_type=\"section\" data-settings=\"{&quot;background_background&quot;:&quot;classic&quot;}\">\n\t\t\t\t\t\t<div class=\"elementor-container elementor-column-gap-narrow\">\n\t\t\t\t\t\t\t<div class=\"elementor-row\">\n\t\t\t\t\t<div class=\"has_eae_slider elementor-column elementor-col-100 elementor-top-column elementor-element elementor-element-6af6bd0b\" data-id=\"6af6bd0b\" data-element_type=\"column\">\n\t\t\t<div class=\"elementor-column-wrap elementor-element-populated\">\n\t\t\t\t\t\t\t<div class=\"elementor-widget-wrap\">\n\t\t\t\t\t\t<div class=\"elementor-element elementor-element-51d5a5b5 eael-simple-menu-hamburger-align-center eael_simple_menu_hamburger_disable_selected_menu_no elementor-widget elementor-widget-eael-simple-menu\" data-id=\"51d5a5b5\" data-element_type=\"widget\" data-widget_type=\"eael-simple-menu.default\">\n\t\t\t\t<div class=\"elementor-widget-container\">\n\t\t\t<div data-hamburger-icon=\"&lt;i aria-hidden=&quot;true&quot; class=&quot;fas fa-bars&quot;&gt;&lt;\/i&gt;\" data-indicator-class=\"fas fa-angle-down\" data-dropdown-indicator-class=\"fas fa-angle-down\" class=\"eael-simple-menu-container eael-simple-menu-align-center eael-simple-menu-dropdown-align-center preset-1\"><ul id=\"menu-main-menu\" class=\"eael-simple-menu eael-simple-menu-dropdown-animate-to-top eael-simple-menu-indicator eael-hamburger-center eael-simple-menu-horizontal\"><li id=\"menu-item-1452\" class=\"menu-item menu-item-type-post_type menu-item-object-page menu-item-1452\"><a href=\"https:\/\/globalpolicy.ai\/fr\/about\/\">\u00c0 propos<\/a><\/li>\n<li id=\"menu-item-2186\" class=\"menu-item menu-item-type-post_type menu-item-object-page menu-item-2186\"><a href=\"https:\/\/globalpolicy.ai\/fr\/key-focus-areas\/\">Domaines cl\u00e9s<\/a><\/li>\n<li id=\"menu-item-3787\" class=\"menu-item menu-item-type-post_type menu-item-object-page menu-item-3787\"><a href=\"https:\/\/globalpolicy.ai\/fr\/events-on-globalpolicy-ai\/\">\u00c9v\u00e9nements<\/a><\/li>\n<li id=\"menu-item-2521\" class=\"menu-item menu-item-type-post_type menu-item-object-page menu-item-2521\"><a href=\"https:\/\/globalpolicy.ai\/fr\/partners\/\">Partenaires<\/a><\/li>\n<li id=\"menu-item-4125\" class=\"menu-item menu-item-type-post_type menu-item-object-page menu-item-4125\"><a href=\"https:\/\/globalpolicy.ai\/fr\/resources\/reports\/\">Reports<\/a><\/li>\n<li id=\"menu-item-2189\" class=\"menu-item menu-item-type-post_type menu-item-object-page menu-item-2189\"><a href=\"https:\/\/globalpolicy.ai\/fr\/faqs\/\">FAQ<\/a><\/li>\n<li id=\"menu-item-2823\" class=\"menu-item menu-item-type-post_type menu-item-object-page menu-item-2823\"><a href=\"https:\/\/globalpolicy.ai\/fr\/search_gcse\/\">Recherche<\/a><\/li>\n<li id=\"menu-item-3185\" class=\"tp_en trp-language-switcher-container menu-item menu-item-type-post_type menu-item-object-language_switcher menu-item-3185\"><a href=\"https:\/\/globalpolicy.ai\/en\/wp-json\/wp\/v2\/pages\/4123\/\"><span data-no-translation><span class=\"trp-ls-language-name\">English<\/span><\/span><\/a><\/li>\n<li id=\"menu-item-3186\" class=\"tp_fr trp-language-switcher-container menu-item menu-item-type-post_type menu-item-object-language_switcher current-language-menu-item menu-item-3186\"><a href=\"https:\/\/globalpolicy.ai\/fr\/wp-json\/wp\/v2\/pages\/4123\"><span data-no-translation><span class=\"trp-ls-language-name\">Fran\u00e7ais<\/span><\/span><\/a><\/li>\n<\/ul><\/div>\t\t<\/div>\n\t\t\t\t<\/div>\n\t\t\t\t\t\t<\/div>\n\t\t\t\t\t<\/div>\n\t\t<\/div>\n\t\t\t\t\t\t\t\t<\/div>\n\t\t\t\t\t<\/div>\n\t\t<\/section>\n\t\t\t\t<section class=\"has_eae_slider elementor-section elementor-top-section elementor-element elementor-element-b49e155 elementor-section-boxed elementor-section-height-default elementor-section-height-default\" data-id=\"b49e155\" data-element_type=\"section\">\n\t\t\t\t\t\t<div class=\"elementor-container elementor-column-gap-default\">\n\t\t\t\t\t\t\t<div class=\"elementor-row\">\n\t\t\t\t\t<div class=\"has_eae_slider elementor-column elementor-col-100 elementor-top-column elementor-element elementor-element-3a48c76\" data-id=\"3a48c76\" data-element_type=\"column\">\n\t\t\t<div class=\"elementor-column-wrap\">\n\t\t\t\t\t\t\t<div class=\"elementor-widget-wrap\">\n\t\t\t\t\t\t\t\t<\/div>\n\t\t\t\t\t<\/div>\n\t\t<\/div>\n\t\t\t\t\t\t\t\t<\/div>\n\t\t\t\t\t<\/div>\n\t\t<\/section>\n\t\t\t\t<section class=\"has_eae_slider elementor-section elementor-top-section elementor-element elementor-element-e9038f7 elementor-section-boxed elementor-section-height-default elementor-section-height-default\" data-id=\"e9038f7\" data-element_type=\"section\">\n\t\t\t\t\t\t<div class=\"elementor-container elementor-column-gap-default\">\n\t\t\t\t\t\t\t<div class=\"elementor-row\">\n\t\t\t\t\t<div class=\"has_eae_slider elementor-column elementor-col-100 elementor-top-column elementor-element elementor-element-287dcc9\" data-id=\"287dcc9\" data-element_type=\"column\">\n\t\t\t<div class=\"elementor-column-wrap elementor-element-populated\">\n\t\t\t\t\t\t\t<div class=\"elementor-widget-wrap\">\n\t\t\t\t\t\t<div class=\"elementor-element elementor-element-d46988b elementor-widget elementor-widget-heading\" data-id=\"d46988b\" data-element_type=\"widget\" data-widget_type=\"heading.default\">\n\t\t\t\t<div class=\"elementor-widget-container\">\n\t\t\t<h2 class=\"elementor-heading-title elementor-size-default\">Report: The effects of AI on the working lives of women<\/h2>\t\t<\/div>\n\t\t\t\t<\/div>\n\t\t\t\t\t\t<\/div>\n\t\t\t\t\t<\/div>\n\t\t<\/div>\n\t\t\t\t\t\t\t\t<\/div>\n\t\t\t\t\t<\/div>\n\t\t<\/section>\n\t\t\t\t<section class=\"has_eae_slider elementor-section elementor-top-section elementor-element elementor-element-27ef93d elementor-section-boxed elementor-section-height-default elementor-section-height-default\" data-id=\"27ef93d\" data-element_type=\"section\">\n\t\t\t\t\t\t<div class=\"elementor-container elementor-column-gap-default\">\n\t\t\t\t\t\t\t<div class=\"elementor-row\">\n\t\t\t\t\t<div class=\"has_eae_slider elementor-column elementor-col-50 elementor-top-column elementor-element elementor-element-d56796b\" data-id=\"d56796b\" data-element_type=\"column\">\n\t\t\t<div class=\"elementor-column-wrap elementor-element-populated\">\n\t\t\t\t\t\t\t<div class=\"elementor-widget-wrap\">\n\t\t\t\t\t\t<div class=\"elementor-element elementor-element-3dfd928 elementor-widget elementor-widget-image\" data-id=\"3dfd928\" data-element_type=\"widget\" data-widget_type=\"image.default\">\n\t\t\t\t<div class=\"elementor-widget-container\">\n\t\t\t\t\t\t\t\t<div class=\"elementor-image\">\n\t\t\t\t\t\t\t\t\t\t\t\t\t<a href=\"https:\/\/unesdoc.unesco.org\/ark:\/48223\/pf0000380861\">\n\t\t\t\t\t\t\t<img width=\"362\" height=\"512\" src=\"https:\/\/globalpolicy.ai\/app\/uploads\/2022\/03\/image.png\" class=\"attachment-large size-large\" alt=\"\" loading=\"lazy\" srcset=\"https:\/\/globalpolicy.ai\/app\/uploads\/2022\/03\/image.png 362w, https:\/\/globalpolicy.ai\/app\/uploads\/2022\/03\/image-212x300.png 212w, https:\/\/globalpolicy.ai\/app\/uploads\/2022\/03\/image-8x12.png 8w\" sizes=\"(max-width: 362px) 100vw, 362px\" \/>\t\t\t\t\t\t\t\t<\/a>\n\t\t\t\t\t\t\t\t\t\t\t\t\t\t<\/div>\n\t\t\t\t\t\t<\/div>\n\t\t\t\t<\/div>\n\t\t\t\t\t\t<\/div>\n\t\t\t\t\t<\/div>\n\t\t<\/div>\n\t\t\t\t<div class=\"has_eae_slider elementor-column elementor-col-50 elementor-top-column elementor-element elementor-element-e7905ed\" data-id=\"e7905ed\" data-element_type=\"column\">\n\t\t\t<div class=\"elementor-column-wrap elementor-element-populated\">\n\t\t\t\t\t\t\t<div class=\"elementor-widget-wrap\">\n\t\t\t\t\t\t<div class=\"elementor-element elementor-element-338419b elementor-widget elementor-widget-text-editor\" data-id=\"338419b\" data-element_type=\"widget\" data-widget_type=\"text-editor.default\">\n\t\t\t\t<div class=\"elementor-widget-container\">\n\t\t\t\t\t\t\t\t<div class=\"elementor-text-editor elementor-clearfix\">\n\t\t\t\t<p>Le rapport \"The effects of AI on the working lives of women\", \u00e9labor\u00e9 conjointement par l'UNESCO, la Banque interam\u00e9ricaine de d\u00e9veloppement (BID) et l'Organisation de coop\u00e9ration et de d\u00e9veloppement \u00e9conomiques (OCDE) examine les effets de l'utilisation de l'IA sur la vie professionnelle des femmes.&nbsp;<\/p>\n<p><i>Le rapport est disponible en anglais ici.&nbsp;<\/i><\/p>\n<p>En suivant de pr\u00e8s les principales \u00e9tapes du cycle de vie de la main-d'\u0153uvre - des exigences de l'emploi \u00e0 l'embauche en passant par la progression de carri\u00e8re et le perfectionnement sur le lieu de travail - ce rapport conjoint est une introduction approfondie aux questions li\u00e9es au genre et \u00e0 l'IA. Il peut servir de point de d\u00e9part complet pour des conversations importantes sur l'\u00e9galit\u00e9 des femmes dans l'avenir du travail.<span style=\"color: var( --e-global-color-text ); font-size: 1rem;\">.<\/span><\/p>\n<h5><em>Quel effet l'IA a-t-elle sur la vie professionnelle des femmes ?<\/em><\/h5>\n<p>\u00c0 l'\u00e9chelle mondiale, des \u00e9tudes montrent que les femmes actives sont moins bien pay\u00e9es, occupent moins de postes de direction et participent moins aux domaines des sciences, de la technologie, de l'ing\u00e9nierie et des math\u00e9matiques (STEM).&nbsp;<a href=\"http:\/\/uis.unesco.org\/en\/topic\/women-science\">Un rapport de l'UNESCO de 2019&nbsp;<\/a>a r\u00e9v\u00e9l\u00e9 que les femmes ne repr\u00e9sentent que 29 % des postes de R&amp;D scientifique dans le monde et sont d\u00e9j\u00e0 25 % moins susceptibles que les hommes de savoir comment tirer parti de la technologie num\u00e9rique pour des utilisations de base.&nbsp;&nbsp;<\/p>\t\t\t\t\t<\/div>\n\t\t\t\t\t\t<\/div>\n\t\t\t\t<\/div>\n\t\t\t\t\t\t<\/div>\n\t\t\t\t\t<\/div>\n\t\t<\/div>\n\t\t\t\t\t\t\t\t<\/div>\n\t\t\t\t\t<\/div>\n\t\t<\/section>\n\t\t\t\t<section class=\"has_eae_slider elementor-section elementor-top-section elementor-element elementor-element-f657fe7 elementor-section-boxed elementor-section-height-default elementor-section-height-default\" data-id=\"f657fe7\" data-element_type=\"section\">\n\t\t\t\t\t\t<div class=\"elementor-container elementor-column-gap-default\">\n\t\t\t\t\t\t\t<div class=\"elementor-row\">\n\t\t\t\t\t<div class=\"has_eae_slider elementor-column elementor-col-100 elementor-top-column elementor-element elementor-element-d08fd11\" data-id=\"d08fd11\" data-element_type=\"column\">\n\t\t\t<div class=\"elementor-column-wrap elementor-element-populated\">\n\t\t\t\t\t\t\t<div class=\"elementor-widget-wrap\">\n\t\t\t\t\t\t<div class=\"elementor-element elementor-element-b3b5230 elementor-widget elementor-widget-text-editor\" data-id=\"b3b5230\" data-element_type=\"widget\" data-widget_type=\"text-editor.default\">\n\t\t\t\t<div class=\"elementor-widget-container\">\n\t\t\t\t\t\t\t\t<div class=\"elementor-text-editor elementor-clearfix\">\n\t\t\t\t<p><strong>Pour c\u00e9l\u00e9brer la Journ\u00e9e internationale de la femme 2022<\/strong>, l'UNESCO-BID-OCDE a publi\u00e9 ce rapport \"Les effets de l'intelligence artificielle sur la vie professionnelle des femmes\". Le rapport examine les d\u00e9fis que l'IA pr\u00e9sente pour la vie professionnelle des femmes et aborde trois sujets g\u00e9n\u00e9raux :\u00a0\u00a0<\/p><div class=\"wp-block-group\"><div class=\"wp-block-group__inner-container\"><ul><li>L'\u00e9volution des besoins en comp\u00e9tences sur le march\u00e9 du travail ;\u00a0<\/li><li>Les effets de l'IA sur les femmes qui entrent sur le march\u00e9 du travail ; et,\u00a0\u00a0\u00a0<\/li><li>Les impacts de l'IA sur l'environnement de travail et la progression de carri\u00e8re des femmes.\u00a0<\/li><\/ul><\/div><\/div>\t\t\t\t\t<\/div>\n\t\t\t\t\t\t<\/div>\n\t\t\t\t<\/div>\n\t\t\t\t\t\t<\/div>\n\t\t\t\t\t<\/div>\n\t\t<\/div>\n\t\t\t\t\t\t\t\t<\/div>\n\t\t\t\t\t<\/div>\n\t\t<\/section>\n\t\t\t\t<section class=\"has_eae_slider elementor-section elementor-top-section elementor-element elementor-element-d773a4f elementor-section-boxed elementor-section-height-default elementor-section-height-default\" data-id=\"d773a4f\" data-element_type=\"section\">\n\t\t\t\t\t\t<div class=\"elementor-container elementor-column-gap-default\">\n\t\t\t\t\t\t\t<div class=\"elementor-row\">\n\t\t\t\t\t<div class=\"has_eae_slider elementor-column elementor-col-100 elementor-top-column elementor-element elementor-element-1312200\" data-id=\"1312200\" data-element_type=\"column\">\n\t\t\t<div class=\"elementor-column-wrap elementor-element-populated\">\n\t\t\t\t\t\t\t<div class=\"elementor-widget-wrap\">\n\t\t\t\t\t\t<div class=\"elementor-element elementor-element-42fdf86 elementor-widget elementor-widget-spacer\" data-id=\"42fdf86\" data-element_type=\"widget\" data-widget_type=\"spacer.default\">\n\t\t\t\t<div class=\"elementor-widget-container\">\n\t\t\t\t\t<div class=\"elementor-spacer\">\n\t\t\t<div class=\"elementor-spacer-inner\"><\/div>\n\t\t<\/div>\n\t\t\t\t<\/div>\n\t\t\t\t<\/div>\n\t\t\t\t\t\t<\/div>\n\t\t\t\t\t<\/div>\n\t\t<\/div>\n\t\t\t\t\t\t\t\t<\/div>\n\t\t\t\t\t<\/div>\n\t\t<\/section>\n\t\t\t\t<section class=\"has_eae_slider elementor-section elementor-top-section elementor-element elementor-element-f8b643f elementor-section-full_width elementor-section-height-default elementor-section-height-default\" data-id=\"f8b643f\" data-element_type=\"section\">\n\t\t\t\t\t\t<div class=\"elementor-container elementor-column-gap-no\">\n\t\t\t\t\t\t\t<div class=\"elementor-row\">\n\t\t\t\t\t<div class=\"has_eae_slider elementor-column elementor-col-100 elementor-top-column elementor-element elementor-element-e78c7e8\" data-id=\"e78c7e8\" data-element_type=\"column\">\n\t\t\t<div class=\"elementor-column-wrap\">\n\t\t\t\t\t\t\t<div class=\"elementor-widget-wrap\">\n\t\t\t\t\t\t\t\t<\/div>\n\t\t\t\t\t<\/div>\n\t\t<\/div>\n\t\t\t\t\t\t\t\t<\/div>\n\t\t\t\t\t<\/div>\n\t\t<\/section>\n\t\t\t\t\t\t\t\t\t<\/div>\n\t\t\t<\/div>\n\t\t\t\t\t<\/div>","protected":false},"excerpt":{"rendered":"<p>Achieving impact through intergovernmental co-operation on artificial intelligence About Key focus areas Events AI events calendar Events on Globalpolicy.AI Partners Reports FAQ Contact Search English Fran\u00e7ais Report: The effects of AI on the working lives of women The report &#8220;The Effects of AI on the Working Lives of Women&#8221;, jointly developed by UNESCO, the Inter-American [&hellip;]<\/p>","protected":false},"author":10,"featured_media":0,"parent":4116,"menu_order":0,"comment_status":"closed","ping_status":"closed","template":"","meta":[],"yoast_head":"<!-- This site is optimized with the Yoast SEO plugin v19.0 - https:\/\/yoast.com\/wordpress\/plugins\/seo\/ -->\n<title>Reports - Globalpolicy.AI<\/title>\n<meta name=\"robots\" content=\"index, follow, max-snippet:-1, max-image-preview:large, max-video-preview:-1\" \/>\n<link rel=\"canonical\" href=\"https:\/\/globalpolicy.ai\/fr\/resources\/reports\/\" \/>\n<meta property=\"og:locale\" content=\"fr_FR\" \/>\n<meta property=\"og:type\" content=\"article\" \/>\n<meta property=\"og:title\" content=\"Reports - Globalpolicy.AI\" \/>\n<meta property=\"og:description\" content=\"Achieving impact through intergovernmental co-operation on artificial intelligence About Key focus areas Events AI events calendar Events on Globalpolicy.AI Partners Reports FAQ Contact Search English Fran\u00e7ais Report: The effects of AI on the working lives of women The report &#8220;The Effects of AI on the Working Lives of Women&#8221;, jointly developed by UNESCO, the Inter-American [&hellip;]\" \/>\n<meta property=\"og:url\" content=\"https:\/\/globalpolicy.ai\/fr\/resources\/reports\/\" \/>\n<meta property=\"og:site_name\" content=\"Globalpolicy.AI\" \/>\n<meta property=\"article:modified_time\" content=\"2022-06-10T11:26:54+00:00\" \/>\n<meta property=\"og:image\" content=\"https:\/\/globalpolicy.ai\/app\/uploads\/2021\/06\/GlobalPolicy-AI-Logoai-550px.png\" \/>\n<meta name=\"twitter:card\" content=\"summary_large_image\" \/>\n<meta name=\"twitter:label1\" content=\"Est. reading time\" \/>\n\t<meta name=\"twitter:data1\" content=\"2 minutes\" \/>\n<script type=\"application\/ld+json\" class=\"yoast-schema-graph\">{\"@context\":\"https:\/\/schema.org\",\"@graph\":[{\"@type\":\"WebSite\",\"@id\":\"https:\/\/globalpolicy.ai\/en\/#website\",\"url\":\"https:\/\/globalpolicy.ai\/en\/\",\"name\":\"Globalpolicy.AI\",\"description\":\"Achieving impact through intergovernmental co-operation on artificial intelligence\",\"potentialAction\":[{\"@type\":\"SearchAction\",\"target\":{\"@type\":\"EntryPoint\",\"urlTemplate\":\"https:\/\/globalpolicy.ai\/en\/?s={search_term_string}\"},\"query-input\":\"required name=search_term_string\"}],\"inLanguage\":\"fr-FR\"},{\"@type\":\"ImageObject\",\"inLanguage\":\"fr-FR\",\"@id\":\"https:\/\/globalpolicy.ai\/en\/resources\/reports\/#primaryimage\",\"url\":\"https:\/\/globalpolicy.ai\/app\/uploads\/2021\/06\/GlobalPolicy-AI-Logoai-550px.png\",\"contentUrl\":\"https:\/\/globalpolicy.ai\/app\/uploads\/2021\/06\/GlobalPolicy-AI-Logoai-550px.png\",\"width\":550,\"height\":213,\"caption\":\"globalpolicyai logo\"},{\"@type\":\"WebPage\",\"@id\":\"https:\/\/globalpolicy.ai\/en\/resources\/reports\/#webpage\",\"url\":\"https:\/\/globalpolicy.ai\/en\/resources\/reports\/\",\"name\":\"Reports - Globalpolicy.AI\",\"isPartOf\":{\"@id\":\"https:\/\/globalpolicy.ai\/en\/#website\"},\"primaryImageOfPage\":{\"@id\":\"https:\/\/globalpolicy.ai\/en\/resources\/reports\/#primaryimage\"},\"datePublished\":\"2022-03-10T10:04:07+00:00\",\"dateModified\":\"2022-06-10T11:26:54+00:00\",\"breadcrumb\":{\"@id\":\"https:\/\/globalpolicy.ai\/en\/resources\/reports\/#breadcrumb\"},\"inLanguage\":\"fr-FR\",\"potentialAction\":[{\"@type\":\"ReadAction\",\"target\":[\"https:\/\/globalpolicy.ai\/en\/resources\/reports\/\"]}]},{\"@type\":\"BreadcrumbList\",\"@id\":\"https:\/\/globalpolicy.ai\/en\/resources\/reports\/#breadcrumb\",\"itemListElement\":[{\"@type\":\"ListItem\",\"position\":1,\"name\":\"Resources\",\"item\":\"https:\/\/globalpolicy.ai\/en\/resources\/\"},{\"@type\":\"ListItem\",\"position\":2,\"name\":\"Reports\"}]}]}<\/script>\n<!-- \/ Yoast SEO plugin. -->","yoast_head_json":{"title":"Reports - Globalpolicy.AI","robots":{"index":"index","follow":"follow","max-snippet":"max-snippet:-1","max-image-preview":"max-image-preview:large","max-video-preview":"max-video-preview:-1"},"canonical":"https:\/\/globalpolicy.ai\/fr\/resources\/reports\/","og_locale":"fr_FR","og_type":"article","og_title":"Reports - Globalpolicy.AI","og_description":"Achieving impact through intergovernmental co-operation on artificial intelligence About Key focus areas Events AI events calendar Events on Globalpolicy.AI Partners Reports FAQ Contact Search English Fran\u00e7ais Report: The effects of AI on the working lives of women The report &#8220;The Effects of AI on the Working Lives of Women&#8221;, jointly developed by UNESCO, the Inter-American [&hellip;]","og_url":"https:\/\/globalpolicy.ai\/fr\/resources\/reports\/","og_site_name":"Globalpolicy.AI","article_modified_time":"2022-06-10T11:26:54+00:00","og_image":[{"url":"https:\/\/globalpolicy.ai\/app\/uploads\/2021\/06\/GlobalPolicy-AI-Logoai-550px.png"}],"twitter_card":"summary_large_image","twitter_misc":{"Est. reading time":"2 minutes"},"schema":{"@context":"https:\/\/schema.org","@graph":[{"@type":"WebSite","@id":"https:\/\/globalpolicy.ai\/en\/#website","url":"https:\/\/globalpolicy.ai\/en\/","name":"Globalpolicy.AI","description":"Achieving impact through intergovernmental co-operation on artificial intelligence","potentialAction":[{"@type":"SearchAction","target":{"@type":"EntryPoint","urlTemplate":"https:\/\/globalpolicy.ai\/en\/?s={search_term_string}"},"query-input":"required name=search_term_string"}],"inLanguage":"fr-FR"},{"@type":"ImageObject","inLanguage":"fr-FR","@id":"https:\/\/globalpolicy.ai\/en\/resources\/reports\/#primaryimage","url":"https:\/\/globalpolicy.ai\/app\/uploads\/2021\/06\/GlobalPolicy-AI-Logoai-550px.png","contentUrl":"https:\/\/globalpolicy.ai\/app\/uploads\/2021\/06\/GlobalPolicy-AI-Logoai-550px.png","width":550,"height":213,"caption":"globalpolicyai logo"},{"@type":"WebPage","@id":"https:\/\/globalpolicy.ai\/en\/resources\/reports\/#webpage","url":"https:\/\/globalpolicy.ai\/en\/resources\/reports\/","name":"Reports - Globalpolicy.AI","isPartOf":{"@id":"https:\/\/globalpolicy.ai\/en\/#website"},"primaryImageOfPage":{"@id":"https:\/\/globalpolicy.ai\/en\/resources\/reports\/#primaryimage"},"datePublished":"2022-03-10T10:04:07+00:00","dateModified":"2022-06-10T11:26:54+00:00","breadcrumb":{"@id":"https:\/\/globalpolicy.ai\/en\/resources\/reports\/#breadcrumb"},"inLanguage":"fr-FR","potentialAction":[{"@type":"ReadAction","target":["https:\/\/globalpolicy.ai\/en\/resources\/reports\/"]}]},{"@type":"BreadcrumbList","@id":"https:\/\/globalpolicy.ai\/en\/resources\/reports\/#breadcrumb","itemListElement":[{"@type":"ListItem","position":1,"name":"Resources","item":"https:\/\/globalpolicy.ai\/en\/resources\/"},{"@type":"ListItem","position":2,"name":"Reports"}]}]}},"_links":{"self":[{"href":"https:\/\/globalpolicy.ai\/fr\/wp-json\/wp\/v2\/pages\/4123"}],"collection":[{"href":"https:\/\/globalpolicy.ai\/fr\/wp-json\/wp\/v2\/pages"}],"about":[{"href":"https:\/\/globalpolicy.ai\/fr\/wp-json\/wp\/v2\/types\/page"}],"author":[{"embeddable":true,"href":"https:\/\/globalpolicy.ai\/fr\/wp-json\/wp\/v2\/users\/10"}],"replies":[{"embeddable":true,"href":"https:\/\/globalpolicy.ai\/fr\/wp-json\/wp\/v2\/comments?post=4123"}],"version-history":[{"count":17,"href":"https:\/\/globalpolicy.ai\/fr\/wp-json\/wp\/v2\/pages\/4123\/revisions"}],"predecessor-version":[{"id":4340,"href":"https:\/\/globalpolicy.ai\/fr\/wp-json\/wp\/v2\/pages\/4123\/revisions\/4340"}],"up":[{"embeddable":true,"href":"https:\/\/globalpolicy.ai\/fr\/wp-json\/wp\/v2\/pages\/4116"}],"wp:attachment":[{"href":"https:\/\/globalpolicy.ai\/fr\/wp-json\/wp\/v2\/media?parent=4123"}],"curies":[{"name":"wp","href":"https:\/\/api.w.org\/{rel}","templated":true}]}}