{"id":2822,"date":"2021-06-04T09:25:31","date_gmt":"2021-06-04T09:25:31","guid":{"rendered":"http:\/\/globalpolicy.ai\/search_gcse\/"},"modified":"2022-06-10T11:37:35","modified_gmt":"2022-06-10T11:37:35","slug":"search_gcse","status":"publish","type":"page","link":"https:\/\/globalpolicy.ai\/fr\/search_gcse\/","title":{"rendered":"Recherche"},"content":{"rendered":"<div data-elementor-type=\"wp-page\" data-elementor-id=\"2822\" class=\"elementor elementor-2822\">\n\t\t\t\t\t\t<div class=\"elementor-inner\">\n\t\t\t\t<div class=\"elementor-section-wrap\">\n\t\t\t\t\t\t\t\t\t<section class=\"has_eae_slider elementor-section elementor-top-section elementor-element elementor-element-752452f8 elementor-section-content-middle elementor-section-boxed elementor-section-height-default elementor-section-height-default\" data-id=\"752452f8\" data-element_type=\"section\">\n\t\t\t\t\t\t\t<div class=\"elementor-background-overlay\"><\/div>\n\t\t\t\t\t\t\t<div class=\"elementor-container elementor-column-gap-default\">\n\t\t\t\t\t\t\t<div class=\"elementor-row\">\n\t\t\t\t\t<div class=\"has_eae_slider elementor-column elementor-col-50 elementor-top-column elementor-element elementor-element-78000a54\" data-id=\"78000a54\" data-element_type=\"column\">\n\t\t\t<div class=\"elementor-column-wrap elementor-element-populated\">\n\t\t\t\t\t\t\t<div class=\"elementor-widget-wrap\">\n\t\t\t\t\t\t<div class=\"elementor-element elementor-element-3280849e elementor-widget elementor-widget-image\" data-id=\"3280849e\" data-element_type=\"widget\" data-widget_type=\"image.default\">\n\t\t\t\t<div class=\"elementor-widget-container\">\n\t\t\t\t\t\t\t\t<div class=\"elementor-image\">\n\t\t\t\t\t\t\t\t\t\t\t\t\t<a href=\"https:\/\/globalpolicy.ai\/fr\/\">\n\t\t\t\t\t\t\t<img width=\"550\" height=\"213\" src=\"https:\/\/globalpolicy.ai\/app\/uploads\/2021\/06\/GlobalPolicy-AI-Logoai-550px.png\" class=\"attachment-large size-large\" alt=\"globalpolicyai logo\" loading=\"lazy\" srcset=\"https:\/\/globalpolicy.ai\/app\/uploads\/2021\/06\/GlobalPolicy-AI-Logoai-550px.png 550w, https:\/\/globalpolicy.ai\/app\/uploads\/2021\/06\/GlobalPolicy-AI-Logoai-550px-300x116.png 300w, https:\/\/globalpolicy.ai\/app\/uploads\/2021\/06\/GlobalPolicy-AI-Logoai-550px-16x6.png 16w\" sizes=\"(max-width: 550px) 100vw, 550px\" \/>\t\t\t\t\t\t\t\t<\/a>\n\t\t\t\t\t\t\t\t\t\t\t\t\t\t<\/div>\n\t\t\t\t\t\t<\/div>\n\t\t\t\t<\/div>\n\t\t\t\t\t\t<\/div>\n\t\t\t\t\t<\/div>\n\t\t<\/div>\n\t\t\t\t<div class=\"has_eae_slider elementor-column elementor-col-50 elementor-top-column elementor-element elementor-element-14d87332\" data-id=\"14d87332\" data-element_type=\"column\">\n\t\t\t<div class=\"elementor-column-wrap elementor-element-populated\">\n\t\t\t\t\t\t\t<div class=\"elementor-widget-wrap\">\n\t\t\t\t\t\t<div class=\"elementor-element elementor-element-26dd290c elementor-widget elementor-widget-heading\" data-id=\"26dd290c\" data-element_type=\"widget\" data-widget_type=\"heading.default\">\n\t\t\t\t<div class=\"elementor-widget-container\">\n\t\t\t<h2 class=\"elementor-heading-title elementor-size-default\">Atteindre des objectifs communs par la coop\u00e9ration intergouvernementale sur l\u2019IA<\/h2>\t\t<\/div>\n\t\t\t\t<\/div>\n\t\t\t\t\t\t<\/div>\n\t\t\t\t\t<\/div>\n\t\t<\/div>\n\t\t\t\t\t\t\t\t<\/div>\n\t\t\t\t\t<\/div>\n\t\t<\/section>\n\t\t\t\t<section class=\"has_eae_slider elementor-section elementor-top-section elementor-element elementor-element-722aa06d elementor-section-content-middle elementor-section-boxed elementor-section-height-default elementor-section-height-default\" data-id=\"722aa06d\" data-element_type=\"section\" data-settings=\"{&quot;background_background&quot;:&quot;classic&quot;}\">\n\t\t\t\t\t\t<div class=\"elementor-container elementor-column-gap-narrow\">\n\t\t\t\t\t\t\t<div class=\"elementor-row\">\n\t\t\t\t\t<div class=\"has_eae_slider elementor-column elementor-col-100 elementor-top-column elementor-element elementor-element-3305f6fa\" data-id=\"3305f6fa\" data-element_type=\"column\">\n\t\t\t<div class=\"elementor-column-wrap elementor-element-populated\">\n\t\t\t\t\t\t\t<div class=\"elementor-widget-wrap\">\n\t\t\t\t\t\t<div class=\"elementor-element elementor-element-62c55c5b eael-simple-menu-hamburger-align-center eael_simple_menu_hamburger_disable_selected_menu_no elementor-widget elementor-widget-eael-simple-menu\" data-id=\"62c55c5b\" data-element_type=\"widget\" data-widget_type=\"eael-simple-menu.default\">\n\t\t\t\t<div class=\"elementor-widget-container\">\n\t\t\t<div data-hamburger-icon=\"&lt;i aria-hidden=&quot;true&quot; class=&quot;fas fa-bars&quot;&gt;&lt;\/i&gt;\" data-indicator-class=\"fas fa-angle-down\" data-dropdown-indicator-class=\"fas fa-angle-down\" class=\"eael-simple-menu-container eael-simple-menu-align-center eael-simple-menu-dropdown-align-center preset-1\"><ul id=\"menu-main-menu\" class=\"eael-simple-menu eael-simple-menu-dropdown-animate-to-top eael-simple-menu-indicator eael-hamburger-center eael-simple-menu-horizontal\"><li id=\"menu-item-1452\" class=\"menu-item menu-item-type-post_type menu-item-object-page menu-item-1452\"><a href=\"https:\/\/globalpolicy.ai\/fr\/about\/\">\u00c0 propos<\/a><\/li>\n<li id=\"menu-item-2186\" class=\"menu-item menu-item-type-post_type menu-item-object-page menu-item-2186\"><a href=\"https:\/\/globalpolicy.ai\/fr\/key-focus-areas\/\">Domaines cl\u00e9s<\/a><\/li>\n<li id=\"menu-item-3787\" class=\"menu-item menu-item-type-post_type menu-item-object-page menu-item-3787\"><a href=\"https:\/\/globalpolicy.ai\/fr\/events-on-globalpolicy-ai\/\">\u00c9v\u00e9nements<\/a><\/li>\n<li id=\"menu-item-2521\" class=\"menu-item menu-item-type-post_type menu-item-object-page menu-item-2521\"><a href=\"https:\/\/globalpolicy.ai\/fr\/partners\/\">Partenaires<\/a><\/li>\n<li id=\"menu-item-4125\" class=\"menu-item menu-item-type-post_type menu-item-object-page menu-item-4125\"><a href=\"https:\/\/globalpolicy.ai\/fr\/resources\/reports\/\">Reports<\/a><\/li>\n<li id=\"menu-item-2189\" class=\"menu-item menu-item-type-post_type menu-item-object-page menu-item-2189\"><a href=\"https:\/\/globalpolicy.ai\/fr\/faqs\/\">FAQ<\/a><\/li>\n<li id=\"menu-item-2823\" class=\"menu-item menu-item-type-post_type menu-item-object-page menu-item-2823\"><a href=\"https:\/\/globalpolicy.ai\/fr\/search_gcse\/\">Recherche<\/a><\/li>\n<li id=\"menu-item-3185\" class=\"tp_en trp-language-switcher-container menu-item menu-item-type-post_type menu-item-object-language_switcher menu-item-3185\"><a href=\"https:\/\/globalpolicy.ai\/en\/wp-json\/wp\/v2\/pages\/2822\/\"><span data-no-translation><span class=\"trp-ls-language-name\">English<\/span><\/span><\/a><\/li>\n<li id=\"menu-item-3186\" class=\"tp_fr trp-language-switcher-container menu-item menu-item-type-post_type menu-item-object-language_switcher current-language-menu-item menu-item-3186\"><a href=\"https:\/\/globalpolicy.ai\/fr\/wp-json\/wp\/v2\/pages\/2822\"><span data-no-translation><span class=\"trp-ls-language-name\">Fran\u00e7ais<\/span><\/span><\/a><\/li>\n<\/ul><\/div>\t\t<\/div>\n\t\t\t\t<\/div>\n\t\t\t\t\t\t<\/div>\n\t\t\t\t\t<\/div>\n\t\t<\/div>\n\t\t\t\t\t\t\t\t<\/div>\n\t\t\t\t\t<\/div>\n\t\t<\/section>\n\t\t\t\t<section class=\"has_eae_slider elementor-section elementor-top-section elementor-element elementor-element-8e0e5b8 elementor-section-full_width elementor-section-height-default elementor-section-height-default\" data-id=\"8e0e5b8\" data-element_type=\"section\">\n\t\t\t\t\t\t<div class=\"elementor-container elementor-column-gap-no\">\n\t\t\t\t\t\t\t<div class=\"elementor-row\">\n\t\t\t\t\t<div class=\"has_eae_slider elementor-column elementor-col-100 elementor-top-column elementor-element elementor-element-1e01292\" data-id=\"1e01292\" data-element_type=\"column\">\n\t\t\t<div class=\"elementor-column-wrap\">\n\t\t\t\t\t\t\t<div class=\"elementor-widget-wrap\">\n\t\t\t\t\t\t\t\t<\/div>\n\t\t\t\t\t<\/div>\n\t\t<\/div>\n\t\t\t\t\t\t\t\t<\/div>\n\t\t\t\t\t<\/div>\n\t\t<\/section>\n\t\t\t\t<section class=\"has_eae_slider elementor-section elementor-top-section elementor-element elementor-element-929d4ca elementor-section-boxed elementor-section-height-default elementor-section-height-default\" data-id=\"929d4ca\" data-element_type=\"section\">\n\t\t\t\t\t\t<div class=\"elementor-container elementor-column-gap-default\">\n\t\t\t\t\t\t\t<div class=\"elementor-row\">\n\t\t\t\t\t<div class=\"has_eae_slider elementor-column elementor-col-100 elementor-top-column elementor-element elementor-element-8219ce2\" data-id=\"8219ce2\" data-element_type=\"column\">\n\t\t\t<div class=\"elementor-column-wrap elementor-element-populated\">\n\t\t\t\t\t\t\t<div class=\"elementor-widget-wrap\">\n\t\t\t\t\t\t<div class=\"elementor-element elementor-element-2e91e3b elementor-widget elementor-widget-heading\" data-id=\"2e91e3b\" data-element_type=\"widget\" data-widget_type=\"heading.default\">\n\t\t\t\t<div class=\"elementor-widget-container\">\n\t\t\t<h2 class=\"elementor-heading-title elementor-size-default\">Cherchez et acc\u00e9dez \u00e0 des ressources pertinentes sur le ou les sujets en lien avec l'IA qui vous int\u00e9resse !<\/h2>\t\t<\/div>\n\t\t\t\t<\/div>\n\t\t\t\t\t\t<\/div>\n\t\t\t\t\t<\/div>\n\t\t<\/div>\n\t\t\t\t\t\t\t\t<\/div>\n\t\t\t\t\t<\/div>\n\t\t<\/section>\n\t\t\t\t<section class=\"has_eae_slider elementor-section elementor-top-section elementor-element elementor-element-12dc8fc elementor-section-boxed elementor-section-height-default elementor-section-height-default\" data-id=\"12dc8fc\" data-element_type=\"section\">\n\t\t\t\t\t\t<div class=\"elementor-container elementor-column-gap-default\">\n\t\t\t\t\t\t\t<div class=\"elementor-row\">\n\t\t\t\t\t<div class=\"has_eae_slider elementor-column elementor-col-100 elementor-top-column elementor-element elementor-element-51d69ce\" data-id=\"51d69ce\" data-element_type=\"column\">\n\t\t\t<div class=\"elementor-column-wrap elementor-element-populated\">\n\t\t\t\t\t\t\t<div class=\"elementor-widget-wrap\">\n\t\t\t\t\t\t<div class=\"elementor-element elementor-element-5b72049 elementor-widget elementor-widget-text-editor\" data-id=\"5b72049\" data-element_type=\"widget\" data-widget_type=\"text-editor.default\">\n\t\t\t\t<div class=\"elementor-widget-container\">\n\t\t\t\t\t\t\t\t<div class=\"elementor-text-editor elementor-clearfix\">\n\t\t\t\t<p>Recherchez et trouvez des informations sur les derni\u00e8res initiatives en mati\u00e8re de politique d'IA des principales organisations intergouvernementales actives dans ce domaine avec notamment : des analyses et des publications sur l'IA ; des ressources et des outils en ligne ; des supports \u00e9ducatifs ; des donn\u00e9es et des statistiques ; et des initiatives de r\u00e9glementation et d'autor\u00e9glementation pertinentes.<\/p>\t\t\t\t\t<\/div>\n\t\t\t\t\t\t<\/div>\n\t\t\t\t<\/div>\n\t\t\t\t<div class=\"elementor-element elementor-element-d655075 elementor-widget elementor-widget-wp-widget-wgs_widget\" data-id=\"d655075\" data-element_type=\"widget\" data-widget_type=\"wp-widget-wgs_widget.default\">\n\t\t\t\t<div class=\"elementor-widget-container\">\n\t\t\t<div class=\"wgs_wrapper\"><div class=\"gcse-search\" data-resultsurl=\"https:\/\/globalpolicy.ai\/fr\/search_gcse\/\"><\/div><\/div>\t\t<\/div>\n\t\t\t\t<\/div>\n\t\t\t\t<div class=\"elementor-element elementor-element-3580b4e elementor-widget elementor-widget-text-editor\" data-id=\"3580b4e\" data-element_type=\"widget\" data-widget_type=\"text-editor.default\">\n\t\t\t\t<div class=\"elementor-widget-container\">\n\t\t\t\t\t\t\t\t<div class=\"elementor-text-editor elementor-clearfix\">\n\t\t\t\t<p><em><span style=\"font-weight: bolder; font-size: 14px;\">Conseil<\/span><span style=\"font-size: 14px;\">: votre recherche vous renverra par d\u00e9faut \u00e0 des r\u00e9sultats relatifs \u00e0 l'IA - il n'est pas n\u00e9cessaire de pr\u00e9ciser le terme \u00ab IA \u00bb. Par exemple, si votre recherche s\u2019intitule \"changement climatique\", vous obtiendrez automatiquement toutes les ressources publi\u00e9es par les organisations internationales membres sur le r\u00f4le de l'IA dans le changement climatique (positif comme n\u00e9gatif). De la m\u00eame fa\u00e7on, taper \"r\u00e9duire les biais\" dans la barre de recherche vous renverra des ressources sur l'att\u00e9nuation des pr\u00e9jug\u00e9s potentiellement inscrits dans les syst\u00e8mes d'IA.<\/span><\/em><\/p>\t\t\t\t\t<\/div>\n\t\t\t\t\t\t<\/div>\n\t\t\t\t<\/div>\n\t\t\t\t<div class=\"elementor-element elementor-element-bf0be88 elementor-widget elementor-widget-spacer\" data-id=\"bf0be88\" data-element_type=\"widget\" data-widget_type=\"spacer.default\">\n\t\t\t\t<div class=\"elementor-widget-container\">\n\t\t\t\t\t<div class=\"elementor-spacer\">\n\t\t\t<div class=\"elementor-spacer-inner\"><\/div>\n\t\t<\/div>\n\t\t\t\t<\/div>\n\t\t\t\t<\/div>\n\t\t\t\t\t\t<\/div>\n\t\t\t\t\t<\/div>\n\t\t<\/div>\n\t\t\t\t\t\t\t\t<\/div>\n\t\t\t\t\t<\/div>\n\t\t<\/section>\n\t\t\t\t<section class=\"has_eae_slider elementor-section elementor-top-section elementor-element elementor-element-4aa5b51 elementor-section-full_width elementor-section-height-default elementor-section-height-default\" data-id=\"4aa5b51\" data-element_type=\"section\">\n\t\t\t\t\t\t<div class=\"elementor-container elementor-column-gap-no\">\n\t\t\t\t\t\t\t<div class=\"elementor-row\">\n\t\t\t\t\t<div class=\"has_eae_slider elementor-column elementor-col-100 elementor-top-column elementor-element elementor-element-76491d7\" data-id=\"76491d7\" data-element_type=\"column\">\n\t\t\t<div class=\"elementor-column-wrap\">\n\t\t\t\t\t\t\t<div class=\"elementor-widget-wrap\">\n\t\t\t\t\t\t\t\t<\/div>\n\t\t\t\t\t<\/div>\n\t\t<\/div>\n\t\t\t\t\t\t\t\t<\/div>\n\t\t\t\t\t<\/div>\n\t\t<\/section>\n\t\t\t\t\t\t\t\t\t<\/div>\n\t\t\t<\/div>\n\t\t\t\t\t<\/div>","protected":false},"excerpt":{"rendered":"<p>Search Results<\/p>","protected":false},"author":25,"featured_media":0,"parent":0,"menu_order":0,"comment_status":"closed","ping_status":"closed","template":"","meta":[],"yoast_head":"<!-- This site is optimized with the Yoast SEO plugin v19.0 - https:\/\/yoast.com\/wordpress\/plugins\/seo\/ -->\n<title>Search - Globalpolicy.AI<\/title>\n<meta name=\"robots\" content=\"index, follow, max-snippet:-1, max-image-preview:large, max-video-preview:-1\" \/>\n<link rel=\"canonical\" href=\"https:\/\/globalpolicy.ai\/fr\/search_gcse\/\" \/>\n<meta property=\"og:locale\" content=\"fr_FR\" \/>\n<meta property=\"og:type\" content=\"article\" \/>\n<meta property=\"og:title\" content=\"Search - Globalpolicy.AI\" \/>\n<meta property=\"og:description\" content=\"Search Results\" \/>\n<meta property=\"og:url\" content=\"https:\/\/globalpolicy.ai\/fr\/search_gcse\/\" \/>\n<meta property=\"og:site_name\" content=\"Globalpolicy.AI\" \/>\n<meta property=\"article:modified_time\" content=\"2022-06-10T11:37:35+00:00\" \/>\n<meta property=\"og:image\" content=\"https:\/\/globalpolicy.ai\/app\/uploads\/2021\/06\/GlobalPolicy-AI-Logoai-550px.png\" \/>\n<meta name=\"twitter:card\" content=\"summary_large_image\" \/>\n<meta name=\"twitter:label1\" content=\"Est. reading time\" \/>\n\t<meta name=\"twitter:data1\" content=\"1 minute\" \/>\n<script type=\"application\/ld+json\" class=\"yoast-schema-graph\">{\"@context\":\"https:\/\/schema.org\",\"@graph\":[{\"@type\":\"WebSite\",\"@id\":\"https:\/\/globalpolicy.ai\/en\/#website\",\"url\":\"https:\/\/globalpolicy.ai\/en\/\",\"name\":\"Globalpolicy.AI\",\"description\":\"Achieving impact through intergovernmental co-operation on artificial intelligence\",\"potentialAction\":[{\"@type\":\"SearchAction\",\"target\":{\"@type\":\"EntryPoint\",\"urlTemplate\":\"https:\/\/globalpolicy.ai\/en\/?s={search_term_string}\"},\"query-input\":\"required name=search_term_string\"}],\"inLanguage\":\"fr-FR\"},{\"@type\":\"ImageObject\",\"inLanguage\":\"fr-FR\",\"@id\":\"https:\/\/globalpolicy.ai\/en\/search_gcse\/#primaryimage\",\"url\":\"https:\/\/globalpolicy.ai\/app\/uploads\/2021\/06\/GlobalPolicy-AI-Logoai-550px.png\",\"contentUrl\":\"https:\/\/globalpolicy.ai\/app\/uploads\/2021\/06\/GlobalPolicy-AI-Logoai-550px.png\",\"width\":550,\"height\":213,\"caption\":\"globalpolicyai logo\"},{\"@type\":\"WebPage\",\"@id\":\"https:\/\/globalpolicy.ai\/en\/search_gcse\/#webpage\",\"url\":\"https:\/\/globalpolicy.ai\/en\/search_gcse\/\",\"name\":\"Search - Globalpolicy.AI\",\"isPartOf\":{\"@id\":\"https:\/\/globalpolicy.ai\/en\/#website\"},\"primaryImageOfPage\":{\"@id\":\"https:\/\/globalpolicy.ai\/en\/search_gcse\/#primaryimage\"},\"datePublished\":\"2021-06-04T09:25:31+00:00\",\"dateModified\":\"2022-06-10T11:37:35+00:00\",\"breadcrumb\":{\"@id\":\"https:\/\/globalpolicy.ai\/en\/search_gcse\/#breadcrumb\"},\"inLanguage\":\"fr-FR\",\"potentialAction\":[{\"@type\":\"ReadAction\",\"target\":[\"https:\/\/globalpolicy.ai\/en\/search_gcse\/\"]}]},{\"@type\":\"BreadcrumbList\",\"@id\":\"https:\/\/globalpolicy.ai\/en\/search_gcse\/#breadcrumb\",\"itemListElement\":[{\"@type\":\"ListItem\",\"position\":1,\"name\":\"Search\"}]}]}<\/script>\n<!-- \/ Yoast SEO plugin. -->","yoast_head_json":{"title":"Search - Globalpolicy.AI","robots":{"index":"index","follow":"follow","max-snippet":"max-snippet:-1","max-image-preview":"max-image-preview:large","max-video-preview":"max-video-preview:-1"},"canonical":"https:\/\/globalpolicy.ai\/fr\/search_gcse\/","og_locale":"fr_FR","og_type":"article","og_title":"Search - Globalpolicy.AI","og_description":"Search Results","og_url":"https:\/\/globalpolicy.ai\/fr\/search_gcse\/","og_site_name":"Globalpolicy.AI","article_modified_time":"2022-06-10T11:37:35+00:00","og_image":[{"url":"https:\/\/globalpolicy.ai\/app\/uploads\/2021\/06\/GlobalPolicy-AI-Logoai-550px.png"}],"twitter_card":"summary_large_image","twitter_misc":{"Est. reading time":"1 minute"},"schema":{"@context":"https:\/\/schema.org","@graph":[{"@type":"WebSite","@id":"https:\/\/globalpolicy.ai\/en\/#website","url":"https:\/\/globalpolicy.ai\/en\/","name":"Globalpolicy.AI","description":"Achieving impact through intergovernmental co-operation on artificial intelligence","potentialAction":[{"@type":"SearchAction","target":{"@type":"EntryPoint","urlTemplate":"https:\/\/globalpolicy.ai\/en\/?s={search_term_string}"},"query-input":"required name=search_term_string"}],"inLanguage":"fr-FR"},{"@type":"ImageObject","inLanguage":"fr-FR","@id":"https:\/\/globalpolicy.ai\/en\/search_gcse\/#primaryimage","url":"https:\/\/globalpolicy.ai\/app\/uploads\/2021\/06\/GlobalPolicy-AI-Logoai-550px.png","contentUrl":"https:\/\/globalpolicy.ai\/app\/uploads\/2021\/06\/GlobalPolicy-AI-Logoai-550px.png","width":550,"height":213,"caption":"globalpolicyai logo"},{"@type":"WebPage","@id":"https:\/\/globalpolicy.ai\/en\/search_gcse\/#webpage","url":"https:\/\/globalpolicy.ai\/en\/search_gcse\/","name":"Search - Globalpolicy.AI","isPartOf":{"@id":"https:\/\/globalpolicy.ai\/en\/#website"},"primaryImageOfPage":{"@id":"https:\/\/globalpolicy.ai\/en\/search_gcse\/#primaryimage"},"datePublished":"2021-06-04T09:25:31+00:00","dateModified":"2022-06-10T11:37:35+00:00","breadcrumb":{"@id":"https:\/\/globalpolicy.ai\/en\/search_gcse\/#breadcrumb"},"inLanguage":"fr-FR","potentialAction":[{"@type":"ReadAction","target":["https:\/\/globalpolicy.ai\/en\/search_gcse\/"]}]},{"@type":"BreadcrumbList","@id":"https:\/\/globalpolicy.ai\/en\/search_gcse\/#breadcrumb","itemListElement":[{"@type":"ListItem","position":1,"name":"Search"}]}]}},"_links":{"self":[{"href":"https:\/\/globalpolicy.ai\/fr\/wp-json\/wp\/v2\/pages\/2822"}],"collection":[{"href":"https:\/\/globalpolicy.ai\/fr\/wp-json\/wp\/v2\/pages"}],"about":[{"href":"https:\/\/globalpolicy.ai\/fr\/wp-json\/wp\/v2\/types\/page"}],"author":[{"embeddable":true,"href":"https:\/\/globalpolicy.ai\/fr\/wp-json\/wp\/v2\/users\/25"}],"replies":[{"embeddable":true,"href":"https:\/\/globalpolicy.ai\/fr\/wp-json\/wp\/v2\/comments?post=2822"}],"version-history":[{"count":73,"href":"https:\/\/globalpolicy.ai\/fr\/wp-json\/wp\/v2\/pages\/2822\/revisions"}],"predecessor-version":[{"id":4355,"href":"https:\/\/globalpolicy.ai\/fr\/wp-json\/wp\/v2\/pages\/2822\/revisions\/4355"}],"wp:attachment":[{"href":"https:\/\/globalpolicy.ai\/fr\/wp-json\/wp\/v2\/media?parent=2822"}],"curies":[{"name":"wp","href":"https:\/\/api.w.org\/{rel}","templated":true}]}}