{"id":2520,"date":"2021-06-03T13:36:17","date_gmt":"2021-06-03T13:36:17","guid":{"rendered":"http:\/\/globalpolicy.ai\/?page_id=2520"},"modified":"2022-06-10T11:25:40","modified_gmt":"2022-06-10T11:25:40","slug":"partners","status":"publish","type":"page","link":"https:\/\/globalpolicy.ai\/fr\/partners\/","title":{"rendered":"Partenaires"},"content":{"rendered":"<div data-elementor-type=\"wp-page\" data-elementor-id=\"2520\" class=\"elementor elementor-2520\">\n\t\t\t\t\t\t<div class=\"elementor-inner\">\n\t\t\t\t<div class=\"elementor-section-wrap\">\n\t\t\t\t\t\t\t\t\t<section class=\"has_eae_slider elementor-section elementor-top-section elementor-element elementor-element-c213651 elementor-section-content-middle elementor-section-boxed elementor-section-height-default elementor-section-height-default\" data-id=\"c213651\" data-element_type=\"section\">\n\t\t\t\t\t\t\t<div class=\"elementor-background-overlay\"><\/div>\n\t\t\t\t\t\t\t<div class=\"elementor-container elementor-column-gap-default\">\n\t\t\t\t\t\t\t<div class=\"elementor-row\">\n\t\t\t\t\t<div class=\"has_eae_slider elementor-column elementor-col-50 elementor-top-column elementor-element elementor-element-3ae3488d\" data-id=\"3ae3488d\" data-element_type=\"column\">\n\t\t\t<div class=\"elementor-column-wrap elementor-element-populated\">\n\t\t\t\t\t\t\t<div class=\"elementor-widget-wrap\">\n\t\t\t\t\t\t<div class=\"elementor-element elementor-element-2c955dfd elementor-widget elementor-widget-image\" data-id=\"2c955dfd\" data-element_type=\"widget\" data-widget_type=\"image.default\">\n\t\t\t\t<div class=\"elementor-widget-container\">\n\t\t\t\t\t\t\t\t<div class=\"elementor-image\">\n\t\t\t\t\t\t\t\t\t\t\t\t\t<a href=\"https:\/\/globalpolicy.ai\/fr\/\">\n\t\t\t\t\t\t\t<img width=\"550\" height=\"213\" src=\"https:\/\/globalpolicy.ai\/app\/uploads\/2021\/06\/GlobalPolicy-AI-Logoai-550px.png\" class=\"attachment-large size-large\" alt=\"globalpolicyai logo\" loading=\"lazy\" srcset=\"https:\/\/globalpolicy.ai\/app\/uploads\/2021\/06\/GlobalPolicy-AI-Logoai-550px.png 550w, https:\/\/globalpolicy.ai\/app\/uploads\/2021\/06\/GlobalPolicy-AI-Logoai-550px-300x116.png 300w, https:\/\/globalpolicy.ai\/app\/uploads\/2021\/06\/GlobalPolicy-AI-Logoai-550px-16x6.png 16w\" sizes=\"(max-width: 550px) 100vw, 550px\" \/>\t\t\t\t\t\t\t\t<\/a>\n\t\t\t\t\t\t\t\t\t\t\t\t\t\t<\/div>\n\t\t\t\t\t\t<\/div>\n\t\t\t\t<\/div>\n\t\t\t\t\t\t<\/div>\n\t\t\t\t\t<\/div>\n\t\t<\/div>\n\t\t\t\t<div class=\"has_eae_slider elementor-column elementor-col-50 elementor-top-column elementor-element elementor-element-6622cbab\" data-id=\"6622cbab\" data-element_type=\"column\">\n\t\t\t<div class=\"elementor-column-wrap elementor-element-populated\">\n\t\t\t\t\t\t\t<div class=\"elementor-widget-wrap\">\n\t\t\t\t\t\t<div class=\"elementor-element elementor-element-470548a4 elementor-widget elementor-widget-heading\" data-id=\"470548a4\" data-element_type=\"widget\" data-widget_type=\"heading.default\">\n\t\t\t\t<div class=\"elementor-widget-container\">\n\t\t\t<h2 class=\"elementor-heading-title elementor-size-default\">Atteindre des objectifs communs par la coop\u00e9ration intergouvernementale sur l\u2019IA<\/h2>\t\t<\/div>\n\t\t\t\t<\/div>\n\t\t\t\t\t\t<\/div>\n\t\t\t\t\t<\/div>\n\t\t<\/div>\n\t\t\t\t\t\t\t\t<\/div>\n\t\t\t\t\t<\/div>\n\t\t<\/section>\n\t\t\t\t<section class=\"has_eae_slider elementor-section elementor-top-section elementor-element elementor-element-7ede5ef8 elementor-section-content-middle elementor-section-boxed elementor-section-height-default elementor-section-height-default\" data-id=\"7ede5ef8\" data-element_type=\"section\" data-settings=\"{&quot;background_background&quot;:&quot;classic&quot;}\">\n\t\t\t\t\t\t<div class=\"elementor-container elementor-column-gap-narrow\">\n\t\t\t\t\t\t\t<div class=\"elementor-row\">\n\t\t\t\t\t<div class=\"has_eae_slider elementor-column elementor-col-100 elementor-top-column elementor-element elementor-element-72c32346\" data-id=\"72c32346\" data-element_type=\"column\">\n\t\t\t<div class=\"elementor-column-wrap elementor-element-populated\">\n\t\t\t\t\t\t\t<div class=\"elementor-widget-wrap\">\n\t\t\t\t\t\t<div class=\"elementor-element elementor-element-71cfe9fa eael-simple-menu-hamburger-align-center eael_simple_menu_hamburger_disable_selected_menu_no elementor-widget elementor-widget-eael-simple-menu\" data-id=\"71cfe9fa\" data-element_type=\"widget\" data-widget_type=\"eael-simple-menu.default\">\n\t\t\t\t<div class=\"elementor-widget-container\">\n\t\t\t<div data-hamburger-icon=\"&lt;i aria-hidden=&quot;true&quot; class=&quot;fas fa-bars&quot;&gt;&lt;\/i&gt;\" data-indicator-class=\"fas fa-angle-down\" data-dropdown-indicator-class=\"fas fa-angle-down\" class=\"eael-simple-menu-container eael-simple-menu-align-center eael-simple-menu-dropdown-align-center preset-1\"><ul id=\"menu-main-menu\" class=\"eael-simple-menu eael-simple-menu-dropdown-animate-to-top eael-simple-menu-indicator eael-hamburger-center eael-simple-menu-horizontal\"><li id=\"menu-item-1452\" class=\"menu-item menu-item-type-post_type menu-item-object-page menu-item-1452\"><a href=\"https:\/\/globalpolicy.ai\/fr\/about\/\">\u00c0 propos<\/a><\/li>\n<li id=\"menu-item-2186\" class=\"menu-item menu-item-type-post_type menu-item-object-page menu-item-2186\"><a href=\"https:\/\/globalpolicy.ai\/fr\/key-focus-areas\/\">Domaines cl\u00e9s<\/a><\/li>\n<li id=\"menu-item-3787\" class=\"menu-item menu-item-type-post_type menu-item-object-page menu-item-3787\"><a href=\"https:\/\/globalpolicy.ai\/fr\/events-on-globalpolicy-ai\/\">\u00c9v\u00e9nements<\/a><\/li>\n<li id=\"menu-item-2521\" class=\"menu-item menu-item-type-post_type menu-item-object-page menu-item-2521\"><a href=\"https:\/\/globalpolicy.ai\/fr\/partners\/\">Partenaires<\/a><\/li>\n<li id=\"menu-item-4125\" class=\"menu-item menu-item-type-post_type menu-item-object-page menu-item-4125\"><a href=\"https:\/\/globalpolicy.ai\/fr\/resources\/reports\/\">Reports<\/a><\/li>\n<li id=\"menu-item-2189\" class=\"menu-item menu-item-type-post_type menu-item-object-page menu-item-2189\"><a href=\"https:\/\/globalpolicy.ai\/fr\/faqs\/\">FAQ<\/a><\/li>\n<li id=\"menu-item-2823\" class=\"menu-item menu-item-type-post_type menu-item-object-page menu-item-2823\"><a href=\"https:\/\/globalpolicy.ai\/fr\/search_gcse\/\">Recherche<\/a><\/li>\n<li id=\"menu-item-3185\" class=\"tp_en trp-language-switcher-container menu-item menu-item-type-post_type menu-item-object-language_switcher menu-item-3185\"><a href=\"https:\/\/globalpolicy.ai\/en\/wp-json\/wp\/v2\/pages\/2520\/\"><span data-no-translation><span class=\"trp-ls-language-name\">English<\/span><\/span><\/a><\/li>\n<li id=\"menu-item-3186\" class=\"tp_fr trp-language-switcher-container menu-item menu-item-type-post_type menu-item-object-language_switcher current-language-menu-item menu-item-3186\"><a href=\"https:\/\/globalpolicy.ai\/fr\/wp-json\/wp\/v2\/pages\/2520\"><span data-no-translation><span class=\"trp-ls-language-name\">Fran\u00e7ais<\/span><\/span><\/a><\/li>\n<\/ul><\/div>\t\t<\/div>\n\t\t\t\t<\/div>\n\t\t\t\t\t\t<\/div>\n\t\t\t\t\t<\/div>\n\t\t<\/div>\n\t\t\t\t\t\t\t\t<\/div>\n\t\t\t\t\t<\/div>\n\t\t<\/section>\n\t\t\t\t<section class=\"has_eae_slider elementor-section elementor-top-section elementor-element elementor-element-de94d24 elementor-section-boxed elementor-section-height-default elementor-section-height-default\" data-id=\"de94d24\" data-element_type=\"section\">\n\t\t\t\t\t\t<div class=\"elementor-container elementor-column-gap-default\">\n\t\t\t\t\t\t\t<div class=\"elementor-row\">\n\t\t\t\t\t<div class=\"has_eae_slider elementor-column elementor-col-100 elementor-top-column elementor-element elementor-element-6e02133\" data-id=\"6e02133\" data-element_type=\"column\">\n\t\t\t<div class=\"elementor-column-wrap elementor-element-populated\">\n\t\t\t\t\t\t\t<div class=\"elementor-widget-wrap\">\n\t\t\t\t\t\t<div class=\"elementor-element elementor-element-bd967c4 elementor-widget elementor-widget-heading\" data-id=\"bd967c4\" data-element_type=\"widget\" data-widget_type=\"heading.default\">\n\t\t\t\t<div class=\"elementor-widget-container\">\n\t\t\t<h2 class=\"elementor-heading-title elementor-size-default\">Partenaires<\/h2>\t\t<\/div>\n\t\t\t\t<\/div>\n\t\t\t\t\t\t<\/div>\n\t\t\t\t\t<\/div>\n\t\t<\/div>\n\t\t\t\t\t\t\t\t<\/div>\n\t\t\t\t\t<\/div>\n\t\t<\/section>\n\t\t\t\t<section class=\"has_eae_slider elementor-section elementor-top-section elementor-element elementor-element-2fa20c9 elementor-section-boxed elementor-section-height-default elementor-section-height-default\" data-id=\"2fa20c9\" data-element_type=\"section\">\n\t\t\t\t\t\t<div class=\"elementor-container elementor-column-gap-default\">\n\t\t\t\t\t\t\t<div class=\"elementor-row\">\n\t\t\t\t\t<div class=\"has_eae_slider elementor-column elementor-col-100 elementor-top-column elementor-element elementor-element-da82ffa\" data-id=\"da82ffa\" data-element_type=\"column\">\n\t\t\t<div class=\"elementor-column-wrap elementor-element-populated\">\n\t\t\t\t\t\t\t<div class=\"elementor-widget-wrap\">\n\t\t\t\t\t\t<div class=\"elementor-element elementor-element-5ca24f0 elementor-widget elementor-widget-text-editor\" data-id=\"5ca24f0\" data-element_type=\"widget\" data-widget_type=\"text-editor.default\">\n\t\t\t\t<div class=\"elementor-widget-container\">\n\t\t\t\t\t\t\t\t<div class=\"elementor-text-editor elementor-clearfix\">\n\t\t\t\t<p>Globalpolicy.AI est une initiative destin\u00e9e aux  organisations intergouvernementales (OIG) fond\u00e9es sur des trait\u00e9s travaillant sur la politique de l'intelligence artificielle (IA). La coalition pr\u00e9voit d\u2019avancer progressivement. Dans la premi\u00e8re phase, huit organisations coop\u00e8rent \u00e9troitement pour partager des ressources et des initiatives sur l'IA et, dans la mesure du possible, travailler ensemble. La coalition tend la main \u00e0 d'autres OIG, y compris des pays du Sud.<\/p><p>L'ambition de la coalition au fil du temps est de faire en sorte que Globalpolicy.AI devienne une plate-forme pour partager des ressources utiles et des bonnes pratiques sur l'utilisation de l'IA pour les objectifs de d\u00e9veloppement durable (ODD), de l'IA pour permettre le respect des droits de l'homme et la mise en \u0153uvre de syst\u00e8mes d'IA dignes de confiance. La coalition pr\u00e9voit de d\u00e9velopper des partenariats avec des acteurs cl\u00e9s de tous les groupes de parties prenantes qui partagent des valeurs et des objectifs communs contribuant au d\u00e9veloppement futur d'une IA digne de confiance et centr\u00e9e sur l'humain.<\/p><p>\u00c0 ce jour, les huit organisations participant \u00e0 Globalpolicy.AI sont :<\/p><ul><li style=\"list-style-type: none;\"><ul><li><a href=\"https:\/\/globalpolicy.ai\/fr\/coe\/\" target=\"_blank\" rel=\"noopener\">Le Conseil de l'Europe<\/a><\/li><li><a href=\"https:\/\/globalpolicy.ai\/fr\/european-commission\/\" target=\"_blank\" rel=\"noopener\">La Commission europ\u00e9enne<\/a><\/li><li><a href=\"https:\/\/globalpolicy.ai\/fr\/fra\/\" target=\"_blank\" rel=\"noopener\">L'Agence des droits fondamentaux de l'Union europ\u00e9enne (FRA)<\/a><\/li><li><a href=\"https:\/\/globalpolicy.ai\/fr\/idb\/\" target=\"_blank\" rel=\"noopener\">La Banque interam\u00e9ricaine de d\u00e9veloppement (BID)<\/a><\/li><li><a href=\"https:\/\/globalpolicy.ai\/fr\/organisation-for-economic-co-operation-and-development-and-oecd-ai\/\" target=\"_blank\" rel=\"noopener\">L'Organisation de coop\u00e9ration et de d\u00e9veloppement \u00e9conomiques (OCDE) et l'Observatoire des politiques d'intelligence artificielle de l'OCDE (OECD.AI)<\/a><\/li><li><a href=\"https:\/\/globalpolicy.ai\/fr\/un\/\" target=\"_blank\" rel=\"noopener\">L'Organisation des Nations Unies (ONU)<\/a><\/li><li><a href=\"https:\/\/globalpolicy.ai\/fr\/unesco\/\" target=\"_blank\" rel=\"noopener\">Organisation des Nations Unies pour l'education, la science et la culture (UNESCO)<\/a><\/li><li><a href=\"https:\/\/globalpolicy.ai\/fr\/wbg\/\" target=\"_blank\" rel=\"noopener\">Le Groupe de la Banque mondiale<\/a><\/li><\/ul><\/li><\/ul>\t\t\t\t\t<\/div>\n\t\t\t\t\t\t<\/div>\n\t\t\t\t<\/div>\n\t\t\t\t\t\t<\/div>\n\t\t\t\t\t<\/div>\n\t\t<\/div>\n\t\t\t\t\t\t\t\t<\/div>\n\t\t\t\t\t<\/div>\n\t\t<\/section>\n\t\t\t\t<section class=\"has_eae_slider elementor-section elementor-top-section elementor-element elementor-element-4da5935 elementor-section-boxed elementor-section-height-default elementor-section-height-default\" data-id=\"4da5935\" data-element_type=\"section\">\n\t\t\t\t\t\t<div class=\"elementor-container elementor-column-gap-default\">\n\t\t\t\t\t\t\t<div class=\"elementor-row\">\n\t\t\t\t\t<div class=\"has_eae_slider elementor-column elementor-col-100 elementor-top-column elementor-element elementor-element-bd96dfd\" data-id=\"bd96dfd\" data-element_type=\"column\">\n\t\t\t<div class=\"elementor-column-wrap elementor-element-populated\">\n\t\t\t\t\t\t\t<div class=\"elementor-widget-wrap\">\n\t\t\t\t\t\t<div class=\"elementor-element elementor-element-95627d5 elementor-widget elementor-widget-spacer\" data-id=\"95627d5\" data-element_type=\"widget\" data-widget_type=\"spacer.default\">\n\t\t\t\t<div class=\"elementor-widget-container\">\n\t\t\t\t\t<div class=\"elementor-spacer\">\n\t\t\t<div class=\"elementor-spacer-inner\"><\/div>\n\t\t<\/div>\n\t\t\t\t<\/div>\n\t\t\t\t<\/div>\n\t\t\t\t\t\t<\/div>\n\t\t\t\t\t<\/div>\n\t\t<\/div>\n\t\t\t\t\t\t\t\t<\/div>\n\t\t\t\t\t<\/div>\n\t\t<\/section>\n\t\t\t\t<section class=\"has_eae_slider elementor-section elementor-top-section elementor-element elementor-element-b85d608 elementor-section-full_width elementor-section-height-default elementor-section-height-default\" data-id=\"b85d608\" data-element_type=\"section\">\n\t\t\t\t\t\t<div class=\"elementor-container elementor-column-gap-no\">\n\t\t\t\t\t\t\t<div class=\"elementor-row\">\n\t\t\t\t\t<div class=\"has_eae_slider elementor-column elementor-col-100 elementor-top-column elementor-element elementor-element-c55b6f8\" data-id=\"c55b6f8\" data-element_type=\"column\">\n\t\t\t<div class=\"elementor-column-wrap\">\n\t\t\t\t\t\t\t<div class=\"elementor-widget-wrap\">\n\t\t\t\t\t\t\t\t<\/div>\n\t\t\t\t\t<\/div>\n\t\t<\/div>\n\t\t\t\t\t\t\t\t<\/div>\n\t\t\t\t\t<\/div>\n\t\t<\/section>\n\t\t\t\t\t\t\t\t\t<\/div>\n\t\t\t<\/div>\n\t\t\t\t\t<\/div>","protected":false},"excerpt":{"rendered":"<p>Achieving impact through intergovernmental co-operation on artificial intelligence About Key focus areas Events AI events calendar Events on Globalpolicy.AI Partners Reports FAQ Contact Search English Fran\u00e7ais Partners Globalpolicy.AI is an initiative for treaty-based intergovernmental organisations (IGOs) working on artificial intelligence (AI) policy. The coalition plans to advance progressively. In the first phase, eight organisations are [&hellip;]<\/p>","protected":false},"author":25,"featured_media":0,"parent":0,"menu_order":0,"comment_status":"closed","ping_status":"closed","template":"","meta":[],"yoast_head":"<!-- This site is optimized with the Yoast SEO plugin v19.0 - https:\/\/yoast.com\/wordpress\/plugins\/seo\/ -->\n<title>Partners - Globalpolicy.AI<\/title>\n<meta name=\"robots\" content=\"index, follow, max-snippet:-1, max-image-preview:large, max-video-preview:-1\" \/>\n<link rel=\"canonical\" href=\"https:\/\/globalpolicy.ai\/fr\/partners\/\" \/>\n<meta property=\"og:locale\" content=\"fr_FR\" \/>\n<meta property=\"og:type\" content=\"article\" \/>\n<meta property=\"og:title\" content=\"Partners - Globalpolicy.AI\" \/>\n<meta property=\"og:description\" content=\"Achieving impact through intergovernmental co-operation on artificial intelligence About Key focus areas Events AI events calendar Events on Globalpolicy.AI Partners Reports FAQ Contact Search English Fran\u00e7ais Partners Globalpolicy.AI is an initiative for treaty-based intergovernmental organisations (IGOs) working on artificial intelligence (AI) policy. The coalition plans to advance progressively. In the first phase, eight organisations are [&hellip;]\" \/>\n<meta property=\"og:url\" content=\"https:\/\/globalpolicy.ai\/fr\/partners\/\" \/>\n<meta property=\"og:site_name\" content=\"Globalpolicy.AI\" \/>\n<meta property=\"article:modified_time\" content=\"2022-06-10T11:25:40+00:00\" \/>\n<meta property=\"og:image\" content=\"https:\/\/globalpolicy.ai\/app\/uploads\/2021\/06\/GlobalPolicy-AI-Logoai-550px.png\" \/>\n<meta name=\"twitter:card\" content=\"summary_large_image\" \/>\n<meta name=\"twitter:label1\" content=\"Est. reading time\" \/>\n\t<meta name=\"twitter:data1\" content=\"2 minutes\" \/>\n<script type=\"application\/ld+json\" class=\"yoast-schema-graph\">{\"@context\":\"https:\/\/schema.org\",\"@graph\":[{\"@type\":\"WebSite\",\"@id\":\"https:\/\/globalpolicy.ai\/en\/#website\",\"url\":\"https:\/\/globalpolicy.ai\/en\/\",\"name\":\"Globalpolicy.AI\",\"description\":\"Achieving impact through intergovernmental co-operation on artificial intelligence\",\"potentialAction\":[{\"@type\":\"SearchAction\",\"target\":{\"@type\":\"EntryPoint\",\"urlTemplate\":\"https:\/\/globalpolicy.ai\/en\/?s={search_term_string}\"},\"query-input\":\"required name=search_term_string\"}],\"inLanguage\":\"fr-FR\"},{\"@type\":\"ImageObject\",\"inLanguage\":\"fr-FR\",\"@id\":\"https:\/\/globalpolicy.ai\/en\/partners\/#primaryimage\",\"url\":\"https:\/\/globalpolicy.ai\/app\/uploads\/2021\/06\/GlobalPolicy-AI-Logoai-550px.png\",\"contentUrl\":\"https:\/\/globalpolicy.ai\/app\/uploads\/2021\/06\/GlobalPolicy-AI-Logoai-550px.png\",\"width\":550,\"height\":213,\"caption\":\"globalpolicyai logo\"},{\"@type\":\"WebPage\",\"@id\":\"https:\/\/globalpolicy.ai\/en\/partners\/#webpage\",\"url\":\"https:\/\/globalpolicy.ai\/en\/partners\/\",\"name\":\"Partners - Globalpolicy.AI\",\"isPartOf\":{\"@id\":\"https:\/\/globalpolicy.ai\/en\/#website\"},\"primaryImageOfPage\":{\"@id\":\"https:\/\/globalpolicy.ai\/en\/partners\/#primaryimage\"},\"datePublished\":\"2021-06-03T13:36:17+00:00\",\"dateModified\":\"2022-06-10T11:25:40+00:00\",\"breadcrumb\":{\"@id\":\"https:\/\/globalpolicy.ai\/en\/partners\/#breadcrumb\"},\"inLanguage\":\"fr-FR\",\"potentialAction\":[{\"@type\":\"ReadAction\",\"target\":[\"https:\/\/globalpolicy.ai\/en\/partners\/\"]}]},{\"@type\":\"BreadcrumbList\",\"@id\":\"https:\/\/globalpolicy.ai\/en\/partners\/#breadcrumb\",\"itemListElement\":[{\"@type\":\"ListItem\",\"position\":1,\"name\":\"Partners\"}]}]}<\/script>\n<!-- \/ Yoast SEO plugin. -->","yoast_head_json":{"title":"Partners - Globalpolicy.AI","robots":{"index":"index","follow":"follow","max-snippet":"max-snippet:-1","max-image-preview":"max-image-preview:large","max-video-preview":"max-video-preview:-1"},"canonical":"https:\/\/globalpolicy.ai\/fr\/partners\/","og_locale":"fr_FR","og_type":"article","og_title":"Partners - Globalpolicy.AI","og_description":"Achieving impact through intergovernmental co-operation on artificial intelligence About Key focus areas Events AI events calendar Events on Globalpolicy.AI Partners Reports FAQ Contact Search English Fran\u00e7ais Partners Globalpolicy.AI is an initiative for treaty-based intergovernmental organisations (IGOs) working on artificial intelligence (AI) policy. The coalition plans to advance progressively. In the first phase, eight organisations are [&hellip;]","og_url":"https:\/\/globalpolicy.ai\/fr\/partners\/","og_site_name":"Globalpolicy.AI","article_modified_time":"2022-06-10T11:25:40+00:00","og_image":[{"url":"https:\/\/globalpolicy.ai\/app\/uploads\/2021\/06\/GlobalPolicy-AI-Logoai-550px.png"}],"twitter_card":"summary_large_image","twitter_misc":{"Est. reading time":"2 minutes"},"schema":{"@context":"https:\/\/schema.org","@graph":[{"@type":"WebSite","@id":"https:\/\/globalpolicy.ai\/en\/#website","url":"https:\/\/globalpolicy.ai\/en\/","name":"Globalpolicy.AI","description":"Achieving impact through intergovernmental co-operation on artificial intelligence","potentialAction":[{"@type":"SearchAction","target":{"@type":"EntryPoint","urlTemplate":"https:\/\/globalpolicy.ai\/en\/?s={search_term_string}"},"query-input":"required name=search_term_string"}],"inLanguage":"fr-FR"},{"@type":"ImageObject","inLanguage":"fr-FR","@id":"https:\/\/globalpolicy.ai\/en\/partners\/#primaryimage","url":"https:\/\/globalpolicy.ai\/app\/uploads\/2021\/06\/GlobalPolicy-AI-Logoai-550px.png","contentUrl":"https:\/\/globalpolicy.ai\/app\/uploads\/2021\/06\/GlobalPolicy-AI-Logoai-550px.png","width":550,"height":213,"caption":"globalpolicyai logo"},{"@type":"WebPage","@id":"https:\/\/globalpolicy.ai\/en\/partners\/#webpage","url":"https:\/\/globalpolicy.ai\/en\/partners\/","name":"Partners - Globalpolicy.AI","isPartOf":{"@id":"https:\/\/globalpolicy.ai\/en\/#website"},"primaryImageOfPage":{"@id":"https:\/\/globalpolicy.ai\/en\/partners\/#primaryimage"},"datePublished":"2021-06-03T13:36:17+00:00","dateModified":"2022-06-10T11:25:40+00:00","breadcrumb":{"@id":"https:\/\/globalpolicy.ai\/en\/partners\/#breadcrumb"},"inLanguage":"fr-FR","potentialAction":[{"@type":"ReadAction","target":["https:\/\/globalpolicy.ai\/en\/partners\/"]}]},{"@type":"BreadcrumbList","@id":"https:\/\/globalpolicy.ai\/en\/partners\/#breadcrumb","itemListElement":[{"@type":"ListItem","position":1,"name":"Partners"}]}]}},"_links":{"self":[{"href":"https:\/\/globalpolicy.ai\/fr\/wp-json\/wp\/v2\/pages\/2520"}],"collection":[{"href":"https:\/\/globalpolicy.ai\/fr\/wp-json\/wp\/v2\/pages"}],"about":[{"href":"https:\/\/globalpolicy.ai\/fr\/wp-json\/wp\/v2\/types\/page"}],"author":[{"embeddable":true,"href":"https:\/\/globalpolicy.ai\/fr\/wp-json\/wp\/v2\/users\/25"}],"replies":[{"embeddable":true,"href":"https:\/\/globalpolicy.ai\/fr\/wp-json\/wp\/v2\/comments?post=2520"}],"version-history":[{"count":52,"href":"https:\/\/globalpolicy.ai\/fr\/wp-json\/wp\/v2\/pages\/2520\/revisions"}],"predecessor-version":[{"id":4337,"href":"https:\/\/globalpolicy.ai\/fr\/wp-json\/wp\/v2\/pages\/2520\/revisions\/4337"}],"wp:attachment":[{"href":"https:\/\/globalpolicy.ai\/fr\/wp-json\/wp\/v2\/media?parent=2520"}],"curies":[{"name":"wp","href":"https:\/\/api.w.org\/{rel}","templated":true}]}}