{"id":2188,"date":"2021-06-02T16:21:05","date_gmt":"2021-06-02T16:21:05","guid":{"rendered":"http:\/\/globalpolicy.ai\/?page_id=2188"},"modified":"2022-06-10T11:28:23","modified_gmt":"2022-06-10T11:28:23","slug":"faqs","status":"publish","type":"page","link":"https:\/\/globalpolicy.ai\/fr\/faqs\/","title":{"rendered":"FAQ"},"content":{"rendered":"<div data-elementor-type=\"wp-page\" data-elementor-id=\"2188\" class=\"elementor elementor-2188\">\n\t\t\t\t\t\t<div class=\"elementor-inner\">\n\t\t\t\t<div class=\"elementor-section-wrap\">\n\t\t\t\t\t\t\t\t\t<section class=\"has_eae_slider elementor-section elementor-top-section elementor-element elementor-element-75b7720a elementor-section-content-middle elementor-section-boxed elementor-section-height-default elementor-section-height-default\" data-id=\"75b7720a\" data-element_type=\"section\">\n\t\t\t\t\t\t\t<div class=\"elementor-background-overlay\"><\/div>\n\t\t\t\t\t\t\t<div class=\"elementor-container elementor-column-gap-default\">\n\t\t\t\t\t\t\t<div class=\"elementor-row\">\n\t\t\t\t\t<div class=\"has_eae_slider elementor-column elementor-col-50 elementor-top-column elementor-element elementor-element-70287743\" data-id=\"70287743\" data-element_type=\"column\">\n\t\t\t<div class=\"elementor-column-wrap elementor-element-populated\">\n\t\t\t\t\t\t\t<div class=\"elementor-widget-wrap\">\n\t\t\t\t\t\t<div class=\"elementor-element elementor-element-4f09336b elementor-widget elementor-widget-image\" data-id=\"4f09336b\" data-element_type=\"widget\" data-widget_type=\"image.default\">\n\t\t\t\t<div class=\"elementor-widget-container\">\n\t\t\t\t\t\t\t\t<div class=\"elementor-image\">\n\t\t\t\t\t\t\t\t\t\t\t\t\t<a href=\"https:\/\/globalpolicy.ai\/fr\/\">\n\t\t\t\t\t\t\t<img width=\"550\" height=\"213\" src=\"https:\/\/globalpolicy.ai\/app\/uploads\/2021\/06\/GlobalPolicy-AI-Logoai-550px.png\" class=\"attachment-large size-large\" alt=\"globalpolicyai logo\" loading=\"lazy\" srcset=\"https:\/\/globalpolicy.ai\/app\/uploads\/2021\/06\/GlobalPolicy-AI-Logoai-550px.png 550w, https:\/\/globalpolicy.ai\/app\/uploads\/2021\/06\/GlobalPolicy-AI-Logoai-550px-300x116.png 300w, https:\/\/globalpolicy.ai\/app\/uploads\/2021\/06\/GlobalPolicy-AI-Logoai-550px-16x6.png 16w\" sizes=\"(max-width: 550px) 100vw, 550px\" \/>\t\t\t\t\t\t\t\t<\/a>\n\t\t\t\t\t\t\t\t\t\t\t\t\t\t<\/div>\n\t\t\t\t\t\t<\/div>\n\t\t\t\t<\/div>\n\t\t\t\t\t\t<\/div>\n\t\t\t\t\t<\/div>\n\t\t<\/div>\n\t\t\t\t<div class=\"has_eae_slider elementor-column elementor-col-50 elementor-top-column elementor-element elementor-element-8df6928\" data-id=\"8df6928\" data-element_type=\"column\">\n\t\t\t<div class=\"elementor-column-wrap elementor-element-populated\">\n\t\t\t\t\t\t\t<div class=\"elementor-widget-wrap\">\n\t\t\t\t\t\t<div class=\"elementor-element elementor-element-228bf363 elementor-widget elementor-widget-heading\" data-id=\"228bf363\" data-element_type=\"widget\" data-widget_type=\"heading.default\">\n\t\t\t\t<div class=\"elementor-widget-container\">\n\t\t\t<h2 class=\"elementor-heading-title elementor-size-default\">Atteindre des objectifs communs par la coop\u00e9ration intergouvernementale sur l\u2019IA<\/h2>\t\t<\/div>\n\t\t\t\t<\/div>\n\t\t\t\t\t\t<\/div>\n\t\t\t\t\t<\/div>\n\t\t<\/div>\n\t\t\t\t\t\t\t\t<\/div>\n\t\t\t\t\t<\/div>\n\t\t<\/section>\n\t\t\t\t<section class=\"has_eae_slider elementor-section elementor-top-section elementor-element elementor-element-2b11447f elementor-section-content-middle elementor-section-boxed elementor-section-height-default elementor-section-height-default\" data-id=\"2b11447f\" data-element_type=\"section\" data-settings=\"{&quot;background_background&quot;:&quot;classic&quot;}\">\n\t\t\t\t\t\t<div class=\"elementor-container elementor-column-gap-narrow\">\n\t\t\t\t\t\t\t<div class=\"elementor-row\">\n\t\t\t\t\t<div class=\"has_eae_slider elementor-column elementor-col-100 elementor-top-column elementor-element elementor-element-6d3d825e\" data-id=\"6d3d825e\" data-element_type=\"column\">\n\t\t\t<div class=\"elementor-column-wrap elementor-element-populated\">\n\t\t\t\t\t\t\t<div class=\"elementor-widget-wrap\">\n\t\t\t\t\t\t<div class=\"elementor-element elementor-element-1c4e6d97 eael-simple-menu-hamburger-align-center eael_simple_menu_hamburger_disable_selected_menu_no elementor-widget elementor-widget-eael-simple-menu\" data-id=\"1c4e6d97\" data-element_type=\"widget\" data-widget_type=\"eael-simple-menu.default\">\n\t\t\t\t<div class=\"elementor-widget-container\">\n\t\t\t<div data-hamburger-icon=\"&lt;i aria-hidden=&quot;true&quot; class=&quot;fas fa-bars&quot;&gt;&lt;\/i&gt;\" data-indicator-class=\"fas fa-angle-down\" data-dropdown-indicator-class=\"fas fa-angle-down\" class=\"eael-simple-menu-container eael-simple-menu-align-center eael-simple-menu-dropdown-align-center preset-1\"><ul id=\"menu-main-menu\" class=\"eael-simple-menu eael-simple-menu-dropdown-animate-to-top eael-simple-menu-indicator eael-hamburger-center eael-simple-menu-horizontal\"><li id=\"menu-item-1452\" class=\"menu-item menu-item-type-post_type menu-item-object-page menu-item-1452\"><a href=\"https:\/\/globalpolicy.ai\/fr\/about\/\">\u00c0 propos<\/a><\/li>\n<li id=\"menu-item-2186\" class=\"menu-item menu-item-type-post_type menu-item-object-page menu-item-2186\"><a href=\"https:\/\/globalpolicy.ai\/fr\/key-focus-areas\/\">Domaines cl\u00e9s<\/a><\/li>\n<li id=\"menu-item-3787\" class=\"menu-item menu-item-type-post_type menu-item-object-page menu-item-3787\"><a href=\"https:\/\/globalpolicy.ai\/fr\/events-on-globalpolicy-ai\/\">\u00c9v\u00e9nements<\/a><\/li>\n<li id=\"menu-item-2521\" class=\"menu-item menu-item-type-post_type menu-item-object-page menu-item-2521\"><a href=\"https:\/\/globalpolicy.ai\/fr\/partners\/\">Partenaires<\/a><\/li>\n<li id=\"menu-item-4125\" class=\"menu-item menu-item-type-post_type menu-item-object-page menu-item-4125\"><a href=\"https:\/\/globalpolicy.ai\/fr\/resources\/reports\/\">Reports<\/a><\/li>\n<li id=\"menu-item-2189\" class=\"menu-item menu-item-type-post_type menu-item-object-page menu-item-2189\"><a href=\"https:\/\/globalpolicy.ai\/fr\/faqs\/\">FAQ<\/a><\/li>\n<li id=\"menu-item-2823\" class=\"menu-item menu-item-type-post_type menu-item-object-page menu-item-2823\"><a href=\"https:\/\/globalpolicy.ai\/fr\/search_gcse\/\">Recherche<\/a><\/li>\n<li id=\"menu-item-3185\" class=\"tp_en trp-language-switcher-container menu-item menu-item-type-post_type menu-item-object-language_switcher menu-item-3185\"><a href=\"https:\/\/globalpolicy.ai\/en\/wp-json\/wp\/v2\/pages\/2188\/\"><span data-no-translation><span class=\"trp-ls-language-name\">English<\/span><\/span><\/a><\/li>\n<li id=\"menu-item-3186\" class=\"tp_fr trp-language-switcher-container menu-item menu-item-type-post_type menu-item-object-language_switcher current-language-menu-item menu-item-3186\"><a href=\"https:\/\/globalpolicy.ai\/fr\/wp-json\/wp\/v2\/pages\/2188\"><span data-no-translation><span class=\"trp-ls-language-name\">Fran\u00e7ais<\/span><\/span><\/a><\/li>\n<\/ul><\/div>\t\t<\/div>\n\t\t\t\t<\/div>\n\t\t\t\t\t\t<\/div>\n\t\t\t\t\t<\/div>\n\t\t<\/div>\n\t\t\t\t\t\t\t\t<\/div>\n\t\t\t\t\t<\/div>\n\t\t<\/section>\n\t\t\t\t<section class=\"has_eae_slider elementor-section elementor-top-section elementor-element elementor-element-230e1e3 elementor-section-boxed elementor-section-height-default elementor-section-height-default\" data-id=\"230e1e3\" data-element_type=\"section\">\n\t\t\t\t\t\t<div class=\"elementor-container elementor-column-gap-default\">\n\t\t\t\t\t\t\t<div class=\"elementor-row\">\n\t\t\t\t\t<div class=\"has_eae_slider elementor-column elementor-col-100 elementor-top-column elementor-element elementor-element-7f84ce9\" data-id=\"7f84ce9\" data-element_type=\"column\">\n\t\t\t<div class=\"elementor-column-wrap elementor-element-populated\">\n\t\t\t\t\t\t\t<div class=\"elementor-widget-wrap\">\n\t\t\t\t\t\t<div class=\"elementor-element elementor-element-a818a27 elementor-widget elementor-widget-heading\" data-id=\"a818a27\" data-element_type=\"widget\" data-widget_type=\"heading.default\">\n\t\t\t\t<div class=\"elementor-widget-container\">\n\t\t\t<h2 class=\"elementor-heading-title elementor-size-default\">FAQ<\/h2>\t\t<\/div>\n\t\t\t\t<\/div>\n\t\t\t\t\t\t<\/div>\n\t\t\t\t\t<\/div>\n\t\t<\/div>\n\t\t\t\t\t\t\t\t<\/div>\n\t\t\t\t\t<\/div>\n\t\t<\/section>\n\t\t\t\t<section class=\"has_eae_slider elementor-section elementor-top-section elementor-element elementor-element-d628dd7 elementor-section-boxed elementor-section-height-default elementor-section-height-default\" data-id=\"d628dd7\" data-element_type=\"section\">\n\t\t\t\t\t\t<div class=\"elementor-container elementor-column-gap-default\">\n\t\t\t\t\t\t\t<div class=\"elementor-row\">\n\t\t\t\t\t<div class=\"has_eae_slider elementor-column elementor-col-100 elementor-top-column elementor-element elementor-element-5529b58\" data-id=\"5529b58\" data-element_type=\"column\">\n\t\t\t<div class=\"elementor-column-wrap elementor-element-populated\">\n\t\t\t\t\t\t\t<div class=\"elementor-widget-wrap\">\n\t\t\t\t\t\t<div class=\"elementor-element elementor-element-79358b7 elementor-widget elementor-widget-text-editor\" data-id=\"79358b7\" data-element_type=\"widget\" data-widget_type=\"text-editor.default\">\n\t\t\t\t<div class=\"elementor-widget-container\">\n\t\t\t\t\t\t\t\t<div class=\"elementor-text-editor elementor-clearfix\">\n\t\t\t\t<p><strong>Quels sont les avantages de Globalpolicy.AI ?<\/strong><\/p><p>Les avantages de Globalpolicy.AI sont doubles :\u00a0<\/p><p>a) la plateforme regroupe les informations accessibles au public sur les d\u00e9veloppements de la politique internationale en lien avec l'IA pour cr\u00e9er un lieu unique d\u2019information pour les experts en politique de l'IA et le grand public, afin d\u2019aider \u00e0 leur compr\u00e9hension du paysage international de la gouvernance de l'IA et qu\u2019ils puissent acc\u00e9der \u00e0 des ressources pertinentes ;\u00a0<\/p><p>b) la plate-forme renforce la coop\u00e9ration entre diff\u00e9rentes organisations intergouvernementales qui cherchent \u00e0 progresser vers des objectifs communs en s\u2019aidant mutuellement.<\/p><p><strong>Quel est l'impact souhait\u00e9 par Globalpolicy.AI ?<\/strong><\/p><p>Globalpolicy.AI informe d\u00e9cideurs politiques et grand public en centralisant des initiatives men\u00e9es par diff\u00e9rentes organisations internationales qui contribuent \u00e0 l'objectif commun `de fa\u00e7onner une IA digne de confiance, responsable et \u00e9thique.<\/p><p>Globalpolicy.AI favorise ainsi une coop\u00e9ration internationale plus approfondie entre des organisations intergouvernementales aux mandats compl\u00e9mentaires sur l'IA. Les organisations du groupe initient et travaillent \u00e0 des initiatives d'IA a sous des formes variables- de la publication de travaux, aux observatoires d\u00e9di\u00e9s en passant par et la cr\u00e9ation de mat\u00e9riel p\u00e9dagogique et de r\u00e9glementations ainsi que de des trait\u00e9s internationaux.\u00a0<\/p><p><strong>Qui sont les principaux partenaires du projet et quel est leur r\u00f4le ?<\/strong><\/p><p>Globalpolicy.AI est une initiative pour les organisations intergouvernementales fond\u00e9es sur des trait\u00e9s avec des mandats compl\u00e9mentaires sur la politique de l'IA. \n\nLes principaux partenaires du projet sont : le Conseil de l'Europe, la Commission europ\u00e9enne, l'Agence des droits fondamentaux de l'Union europ\u00e9enne, la Banque interam\u00e9ricaine de d\u00e9veloppement, l'Organisation de coop\u00e9ration et de d\u00e9veloppement \u00e9conomiques, les Nations Unies, l'Organisation des Nations Unies pour l'\u00e9ducation, la science et l'Organisation culturelle et le Groupe de la Banque mondiale.<\/p><p>Chaque organisation contribue de fa\u00e7on \u00e9gale au d\u00e9veloppement et \u00e0 la gestion de la plateforme.<\/p><p>En savoir plus sur les partenaires de Globalpolicy.AI\u00a0<strong><a href=\"https:\/\/globalpolicy.ai\/fr\/partners\/\">ici<\/a><\/strong>.\u00a0<\/p>\t\t\t\t\t<\/div>\n\t\t\t\t\t\t<\/div>\n\t\t\t\t<\/div>\n\t\t\t\t\t\t<\/div>\n\t\t\t\t\t<\/div>\n\t\t<\/div>\n\t\t\t\t\t\t\t\t<\/div>\n\t\t\t\t\t<\/div>\n\t\t<\/section>\n\t\t\t\t<section class=\"has_eae_slider elementor-section elementor-top-section elementor-element elementor-element-bafbec4 elementor-section-full_width elementor-section-height-default elementor-section-height-default\" data-id=\"bafbec4\" data-element_type=\"section\">\n\t\t\t\t\t\t<div class=\"elementor-container elementor-column-gap-no\">\n\t\t\t\t\t\t\t<div class=\"elementor-row\">\n\t\t\t\t\t<div class=\"has_eae_slider elementor-column elementor-col-100 elementor-top-column elementor-element elementor-element-c716a9e\" data-id=\"c716a9e\" data-element_type=\"column\">\n\t\t\t<div class=\"elementor-column-wrap\">\n\t\t\t\t\t\t\t<div class=\"elementor-widget-wrap\">\n\t\t\t\t\t\t\t\t<\/div>\n\t\t\t\t\t<\/div>\n\t\t<\/div>\n\t\t\t\t\t\t\t\t<\/div>\n\t\t\t\t\t<\/div>\n\t\t<\/section>\n\t\t\t\t\t\t\t\t\t<\/div>\n\t\t\t<\/div>\n\t\t\t\t\t<\/div>","protected":false},"excerpt":{"rendered":"<p>Achieving impact through intergovernmental co-operation on artificial intelligence About Key focus areas Events AI events calendar Events on Globalpolicy.AI Partners Reports FAQ Contact Search English Fran\u00e7ais FAQ What are the advantages of Globalpolicy.AI? The advantages of Globalpolicy.AI are two-fold:\u00a0 a) the platform aggregates publicly available information on international AI policy developments to create a one-stop-shop [&hellip;]<\/p>","protected":false},"author":25,"featured_media":0,"parent":0,"menu_order":0,"comment_status":"closed","ping_status":"closed","template":"","meta":[],"yoast_head":"<!-- This site is optimized with the Yoast SEO plugin v19.0 - https:\/\/yoast.com\/wordpress\/plugins\/seo\/ -->\n<title>FAQ - Globalpolicy.AI<\/title>\n<meta name=\"robots\" content=\"index, follow, max-snippet:-1, max-image-preview:large, max-video-preview:-1\" \/>\n<link rel=\"canonical\" href=\"https:\/\/globalpolicy.ai\/fr\/faqs\/\" \/>\n<meta property=\"og:locale\" content=\"fr_FR\" \/>\n<meta property=\"og:type\" content=\"article\" \/>\n<meta property=\"og:title\" content=\"FAQ - Globalpolicy.AI\" \/>\n<meta property=\"og:description\" content=\"Achieving impact through intergovernmental co-operation on artificial intelligence About Key focus areas Events AI events calendar Events on Globalpolicy.AI Partners Reports FAQ Contact Search English Fran\u00e7ais FAQ What are the advantages of Globalpolicy.AI? The advantages of Globalpolicy.AI are two-fold:\u00a0 a) the platform aggregates publicly available information on international AI policy developments to create a one-stop-shop [&hellip;]\" \/>\n<meta property=\"og:url\" content=\"https:\/\/globalpolicy.ai\/fr\/faqs\/\" \/>\n<meta property=\"og:site_name\" content=\"Globalpolicy.AI\" \/>\n<meta property=\"article:modified_time\" content=\"2022-06-10T11:28:23+00:00\" \/>\n<meta property=\"og:image\" content=\"https:\/\/globalpolicy.ai\/app\/uploads\/2021\/06\/GlobalPolicy-AI-Logoai-550px.png\" \/>\n<meta name=\"twitter:card\" content=\"summary_large_image\" \/>\n<meta name=\"twitter:label1\" content=\"Est. reading time\" \/>\n\t<meta name=\"twitter:data1\" content=\"2 minutes\" \/>\n<script type=\"application\/ld+json\" class=\"yoast-schema-graph\">{\"@context\":\"https:\/\/schema.org\",\"@graph\":[{\"@type\":\"WebSite\",\"@id\":\"https:\/\/globalpolicy.ai\/en\/#website\",\"url\":\"https:\/\/globalpolicy.ai\/en\/\",\"name\":\"Globalpolicy.AI\",\"description\":\"Achieving impact through intergovernmental co-operation on artificial intelligence\",\"potentialAction\":[{\"@type\":\"SearchAction\",\"target\":{\"@type\":\"EntryPoint\",\"urlTemplate\":\"https:\/\/globalpolicy.ai\/en\/?s={search_term_string}\"},\"query-input\":\"required name=search_term_string\"}],\"inLanguage\":\"fr-FR\"},{\"@type\":\"ImageObject\",\"inLanguage\":\"fr-FR\",\"@id\":\"https:\/\/globalpolicy.ai\/en\/faqs\/#primaryimage\",\"url\":\"https:\/\/globalpolicy.ai\/app\/uploads\/2021\/06\/GlobalPolicy-AI-Logoai-550px.png\",\"contentUrl\":\"https:\/\/globalpolicy.ai\/app\/uploads\/2021\/06\/GlobalPolicy-AI-Logoai-550px.png\",\"width\":550,\"height\":213,\"caption\":\"globalpolicyai logo\"},{\"@type\":\"WebPage\",\"@id\":\"https:\/\/globalpolicy.ai\/en\/faqs\/#webpage\",\"url\":\"https:\/\/globalpolicy.ai\/en\/faqs\/\",\"name\":\"FAQ - Globalpolicy.AI\",\"isPartOf\":{\"@id\":\"https:\/\/globalpolicy.ai\/en\/#website\"},\"primaryImageOfPage\":{\"@id\":\"https:\/\/globalpolicy.ai\/en\/faqs\/#primaryimage\"},\"datePublished\":\"2021-06-02T16:21:05+00:00\",\"dateModified\":\"2022-06-10T11:28:23+00:00\",\"breadcrumb\":{\"@id\":\"https:\/\/globalpolicy.ai\/en\/faqs\/#breadcrumb\"},\"inLanguage\":\"fr-FR\",\"potentialAction\":[{\"@type\":\"ReadAction\",\"target\":[\"https:\/\/globalpolicy.ai\/en\/faqs\/\"]}]},{\"@type\":\"BreadcrumbList\",\"@id\":\"https:\/\/globalpolicy.ai\/en\/faqs\/#breadcrumb\",\"itemListElement\":[{\"@type\":\"ListItem\",\"position\":1,\"name\":\"FAQ\"}]}]}<\/script>\n<!-- \/ Yoast SEO plugin. -->","yoast_head_json":{"title":"FAQ - Globalpolicy.AI","robots":{"index":"index","follow":"follow","max-snippet":"max-snippet:-1","max-image-preview":"max-image-preview:large","max-video-preview":"max-video-preview:-1"},"canonical":"https:\/\/globalpolicy.ai\/fr\/faqs\/","og_locale":"fr_FR","og_type":"article","og_title":"FAQ - Globalpolicy.AI","og_description":"Achieving impact through intergovernmental co-operation on artificial intelligence About Key focus areas Events AI events calendar Events on Globalpolicy.AI Partners Reports FAQ Contact Search English Fran\u00e7ais FAQ What are the advantages of Globalpolicy.AI? The advantages of Globalpolicy.AI are two-fold:\u00a0 a) the platform aggregates publicly available information on international AI policy developments to create a one-stop-shop [&hellip;]","og_url":"https:\/\/globalpolicy.ai\/fr\/faqs\/","og_site_name":"Globalpolicy.AI","article_modified_time":"2022-06-10T11:28:23+00:00","og_image":[{"url":"https:\/\/globalpolicy.ai\/app\/uploads\/2021\/06\/GlobalPolicy-AI-Logoai-550px.png"}],"twitter_card":"summary_large_image","twitter_misc":{"Est. reading time":"2 minutes"},"schema":{"@context":"https:\/\/schema.org","@graph":[{"@type":"WebSite","@id":"https:\/\/globalpolicy.ai\/en\/#website","url":"https:\/\/globalpolicy.ai\/en\/","name":"Globalpolicy.AI","description":"Achieving impact through intergovernmental co-operation on artificial intelligence","potentialAction":[{"@type":"SearchAction","target":{"@type":"EntryPoint","urlTemplate":"https:\/\/globalpolicy.ai\/en\/?s={search_term_string}"},"query-input":"required name=search_term_string"}],"inLanguage":"fr-FR"},{"@type":"ImageObject","inLanguage":"fr-FR","@id":"https:\/\/globalpolicy.ai\/en\/faqs\/#primaryimage","url":"https:\/\/globalpolicy.ai\/app\/uploads\/2021\/06\/GlobalPolicy-AI-Logoai-550px.png","contentUrl":"https:\/\/globalpolicy.ai\/app\/uploads\/2021\/06\/GlobalPolicy-AI-Logoai-550px.png","width":550,"height":213,"caption":"globalpolicyai logo"},{"@type":"WebPage","@id":"https:\/\/globalpolicy.ai\/en\/faqs\/#webpage","url":"https:\/\/globalpolicy.ai\/en\/faqs\/","name":"FAQ - Globalpolicy.AI","isPartOf":{"@id":"https:\/\/globalpolicy.ai\/en\/#website"},"primaryImageOfPage":{"@id":"https:\/\/globalpolicy.ai\/en\/faqs\/#primaryimage"},"datePublished":"2021-06-02T16:21:05+00:00","dateModified":"2022-06-10T11:28:23+00:00","breadcrumb":{"@id":"https:\/\/globalpolicy.ai\/en\/faqs\/#breadcrumb"},"inLanguage":"fr-FR","potentialAction":[{"@type":"ReadAction","target":["https:\/\/globalpolicy.ai\/en\/faqs\/"]}]},{"@type":"BreadcrumbList","@id":"https:\/\/globalpolicy.ai\/en\/faqs\/#breadcrumb","itemListElement":[{"@type":"ListItem","position":1,"name":"FAQ"}]}]}},"_links":{"self":[{"href":"https:\/\/globalpolicy.ai\/fr\/wp-json\/wp\/v2\/pages\/2188"}],"collection":[{"href":"https:\/\/globalpolicy.ai\/fr\/wp-json\/wp\/v2\/pages"}],"about":[{"href":"https:\/\/globalpolicy.ai\/fr\/wp-json\/wp\/v2\/types\/page"}],"author":[{"embeddable":true,"href":"https:\/\/globalpolicy.ai\/fr\/wp-json\/wp\/v2\/users\/25"}],"replies":[{"embeddable":true,"href":"https:\/\/globalpolicy.ai\/fr\/wp-json\/wp\/v2\/comments?post=2188"}],"version-history":[{"count":56,"href":"https:\/\/globalpolicy.ai\/fr\/wp-json\/wp\/v2\/pages\/2188\/revisions"}],"predecessor-version":[{"id":4344,"href":"https:\/\/globalpolicy.ai\/fr\/wp-json\/wp\/v2\/pages\/2188\/revisions\/4344"}],"wp:attachment":[{"href":"https:\/\/globalpolicy.ai\/fr\/wp-json\/wp\/v2\/media?parent=2188"}],"curies":[{"name":"wp","href":"https:\/\/api.w.org\/{rel}","templated":true}]}}