{"id":1450,"date":"2021-02-03T13:43:14","date_gmt":"2021-02-03T13:43:14","guid":{"rendered":"http:\/\/globalpolicy.ai\/?page_id=1450"},"modified":"2022-06-10T11:13:40","modified_gmt":"2022-06-10T11:13:40","slug":"about","status":"publish","type":"page","link":"https:\/\/globalpolicy.ai\/fr\/about\/","title":{"rendered":"\u00c0 propos"},"content":{"rendered":"<div data-elementor-type=\"wp-page\" data-elementor-id=\"1450\" class=\"elementor elementor-1450\">\n\t\t\t\t\t\t<div class=\"elementor-inner\">\n\t\t\t\t<div class=\"elementor-section-wrap\">\n\t\t\t\t\t\t\t\t\t<section class=\"has_eae_slider elementor-section elementor-top-section elementor-element elementor-element-222747fe elementor-section-content-middle elementor-section-boxed elementor-section-height-default elementor-section-height-default\" data-id=\"222747fe\" data-element_type=\"section\">\n\t\t\t\t\t\t\t<div class=\"elementor-background-overlay\"><\/div>\n\t\t\t\t\t\t\t<div class=\"elementor-container elementor-column-gap-default\">\n\t\t\t\t\t\t\t<div class=\"elementor-row\">\n\t\t\t\t\t<div class=\"has_eae_slider elementor-column elementor-col-50 elementor-top-column elementor-element elementor-element-6398f2c4\" data-id=\"6398f2c4\" data-element_type=\"column\">\n\t\t\t<div class=\"elementor-column-wrap elementor-element-populated\">\n\t\t\t\t\t\t\t<div class=\"elementor-widget-wrap\">\n\t\t\t\t\t\t<div class=\"elementor-element elementor-element-f46a926 elementor-widget elementor-widget-image\" data-id=\"f46a926\" data-element_type=\"widget\" data-widget_type=\"image.default\">\n\t\t\t\t<div class=\"elementor-widget-container\">\n\t\t\t\t\t\t\t\t<div class=\"elementor-image\">\n\t\t\t\t\t\t\t\t\t\t\t\t\t<a href=\"https:\/\/globalpolicy.ai\/fr\/\">\n\t\t\t\t\t\t\t<img width=\"550\" height=\"213\" src=\"https:\/\/globalpolicy.ai\/app\/uploads\/2021\/06\/GlobalPolicy-AI-Logoai-550px.png\" class=\"attachment-large size-large\" alt=\"globalpolicyai logo\" loading=\"lazy\" srcset=\"https:\/\/globalpolicy.ai\/app\/uploads\/2021\/06\/GlobalPolicy-AI-Logoai-550px.png 550w, https:\/\/globalpolicy.ai\/app\/uploads\/2021\/06\/GlobalPolicy-AI-Logoai-550px-300x116.png 300w, https:\/\/globalpolicy.ai\/app\/uploads\/2021\/06\/GlobalPolicy-AI-Logoai-550px-16x6.png 16w\" sizes=\"(max-width: 550px) 100vw, 550px\" \/>\t\t\t\t\t\t\t\t<\/a>\n\t\t\t\t\t\t\t\t\t\t\t\t\t\t<\/div>\n\t\t\t\t\t\t<\/div>\n\t\t\t\t<\/div>\n\t\t\t\t\t\t<\/div>\n\t\t\t\t\t<\/div>\n\t\t<\/div>\n\t\t\t\t<div class=\"has_eae_slider elementor-column elementor-col-50 elementor-top-column elementor-element elementor-element-72df89f1\" data-id=\"72df89f1\" data-element_type=\"column\">\n\t\t\t<div class=\"elementor-column-wrap elementor-element-populated\">\n\t\t\t\t\t\t\t<div class=\"elementor-widget-wrap\">\n\t\t\t\t\t\t<div class=\"elementor-element elementor-element-77c386be elementor-widget elementor-widget-heading\" data-id=\"77c386be\" data-element_type=\"widget\" data-widget_type=\"heading.default\">\n\t\t\t\t<div class=\"elementor-widget-container\">\n\t\t\t<h2 class=\"elementor-heading-title elementor-size-default\">Atteindre des objectifs communs par la coop\u00e9ration intergouvernementale sur l\u2019IA<\/h2>\t\t<\/div>\n\t\t\t\t<\/div>\n\t\t\t\t\t\t<\/div>\n\t\t\t\t\t<\/div>\n\t\t<\/div>\n\t\t\t\t\t\t\t\t<\/div>\n\t\t\t\t\t<\/div>\n\t\t<\/section>\n\t\t\t\t<section class=\"has_eae_slider elementor-section elementor-top-section elementor-element elementor-element-5688651 elementor-section-content-middle elementor-section-boxed elementor-section-height-default elementor-section-height-default\" data-id=\"5688651\" data-element_type=\"section\" data-settings=\"{&quot;background_background&quot;:&quot;classic&quot;}\">\n\t\t\t\t\t\t<div class=\"elementor-container elementor-column-gap-narrow\">\n\t\t\t\t\t\t\t<div class=\"elementor-row\">\n\t\t\t\t\t<div class=\"has_eae_slider elementor-column elementor-col-100 elementor-top-column elementor-element elementor-element-718815cd\" data-id=\"718815cd\" data-element_type=\"column\">\n\t\t\t<div class=\"elementor-column-wrap elementor-element-populated\">\n\t\t\t\t\t\t\t<div class=\"elementor-widget-wrap\">\n\t\t\t\t\t\t<div class=\"elementor-element elementor-element-5a68add4 eael-simple-menu-hamburger-align-center eael_simple_menu_hamburger_disable_selected_menu_no elementor-widget elementor-widget-eael-simple-menu\" data-id=\"5a68add4\" data-element_type=\"widget\" data-widget_type=\"eael-simple-menu.default\">\n\t\t\t\t<div class=\"elementor-widget-container\">\n\t\t\t<div data-hamburger-icon=\"&lt;i aria-hidden=&quot;true&quot; class=&quot;fas fa-bars&quot;&gt;&lt;\/i&gt;\" data-indicator-class=\"fas fa-angle-down\" data-dropdown-indicator-class=\"fas fa-angle-down\" class=\"eael-simple-menu-container eael-simple-menu-align-center eael-simple-menu-dropdown-align-center preset-1\"><ul id=\"menu-main-menu\" class=\"eael-simple-menu eael-simple-menu-dropdown-animate-to-top eael-simple-menu-indicator eael-hamburger-center eael-simple-menu-horizontal\"><li id=\"menu-item-1452\" class=\"menu-item menu-item-type-post_type menu-item-object-page menu-item-1452\"><a href=\"https:\/\/globalpolicy.ai\/fr\/about\/\">\u00c0 propos<\/a><\/li>\n<li id=\"menu-item-2186\" class=\"menu-item menu-item-type-post_type menu-item-object-page menu-item-2186\"><a href=\"https:\/\/globalpolicy.ai\/fr\/key-focus-areas\/\">Domaines cl\u00e9s<\/a><\/li>\n<li id=\"menu-item-3787\" class=\"menu-item menu-item-type-post_type menu-item-object-page menu-item-3787\"><a href=\"https:\/\/globalpolicy.ai\/fr\/events-on-globalpolicy-ai\/\">\u00c9v\u00e9nements<\/a><\/li>\n<li id=\"menu-item-2521\" class=\"menu-item menu-item-type-post_type menu-item-object-page menu-item-2521\"><a href=\"https:\/\/globalpolicy.ai\/fr\/partners\/\">Partenaires<\/a><\/li>\n<li id=\"menu-item-4125\" class=\"menu-item menu-item-type-post_type menu-item-object-page menu-item-4125\"><a href=\"https:\/\/globalpolicy.ai\/fr\/resources\/reports\/\">Reports<\/a><\/li>\n<li id=\"menu-item-2189\" class=\"menu-item menu-item-type-post_type menu-item-object-page menu-item-2189\"><a href=\"https:\/\/globalpolicy.ai\/fr\/faqs\/\">FAQ<\/a><\/li>\n<li id=\"menu-item-2823\" class=\"menu-item menu-item-type-post_type menu-item-object-page menu-item-2823\"><a href=\"https:\/\/globalpolicy.ai\/fr\/search_gcse\/\">Recherche<\/a><\/li>\n<li id=\"menu-item-3185\" class=\"tp_en trp-language-switcher-container menu-item menu-item-type-post_type menu-item-object-language_switcher menu-item-3185\"><a href=\"https:\/\/globalpolicy.ai\/en\/wp-json\/wp\/v2\/pages\/1450\/\"><span data-no-translation><span class=\"trp-ls-language-name\">English<\/span><\/span><\/a><\/li>\n<li id=\"menu-item-3186\" class=\"tp_fr trp-language-switcher-container menu-item menu-item-type-post_type menu-item-object-language_switcher current-language-menu-item menu-item-3186\"><a href=\"https:\/\/globalpolicy.ai\/fr\/wp-json\/wp\/v2\/pages\/1450\"><span data-no-translation><span class=\"trp-ls-language-name\">Fran\u00e7ais<\/span><\/span><\/a><\/li>\n<\/ul><\/div>\t\t<\/div>\n\t\t\t\t<\/div>\n\t\t\t\t\t\t<\/div>\n\t\t\t\t\t<\/div>\n\t\t<\/div>\n\t\t\t\t\t\t\t\t<\/div>\n\t\t\t\t\t<\/div>\n\t\t<\/section>\n\t\t\t\t<section class=\"has_eae_slider elementor-section elementor-top-section elementor-element elementor-element-2f8c859 elementor-section-boxed elementor-section-height-default elementor-section-height-default\" data-id=\"2f8c859\" data-element_type=\"section\">\n\t\t\t\t\t\t<div class=\"elementor-container elementor-column-gap-default\">\n\t\t\t\t\t\t\t<div class=\"elementor-row\">\n\t\t\t\t\t<div class=\"has_eae_slider elementor-column elementor-col-100 elementor-top-column elementor-element elementor-element-5305554\" data-id=\"5305554\" data-element_type=\"column\">\n\t\t\t<div class=\"elementor-column-wrap elementor-element-populated\">\n\t\t\t\t\t\t\t<div class=\"elementor-widget-wrap\">\n\t\t\t\t\t\t<div class=\"elementor-element elementor-element-3af8388 elementor-widget elementor-widget-heading\" data-id=\"3af8388\" data-element_type=\"widget\" data-widget_type=\"heading.default\">\n\t\t\t\t<div class=\"elementor-widget-container\">\n\t\t\t<h2 class=\"elementor-heading-title elementor-size-default\">\u00c0 propos<\/h2>\t\t<\/div>\n\t\t\t\t<\/div>\n\t\t\t\t\t\t<\/div>\n\t\t\t\t\t<\/div>\n\t\t<\/div>\n\t\t\t\t\t\t\t\t<\/div>\n\t\t\t\t\t<\/div>\n\t\t<\/section>\n\t\t\t\t<section class=\"has_eae_slider elementor-section elementor-top-section elementor-element elementor-element-0006a59 elementor-section-boxed elementor-section-height-default elementor-section-height-default\" data-id=\"0006a59\" data-element_type=\"section\">\n\t\t\t\t\t\t<div class=\"elementor-container elementor-column-gap-default\">\n\t\t\t\t\t\t\t<div class=\"elementor-row\">\n\t\t\t\t\t<div class=\"has_eae_slider elementor-column elementor-col-100 elementor-top-column elementor-element elementor-element-ac25f39\" data-id=\"ac25f39\" data-element_type=\"column\">\n\t\t\t<div class=\"elementor-column-wrap elementor-element-populated\">\n\t\t\t\t\t\t\t<div class=\"elementor-widget-wrap\">\n\t\t\t\t\t\t<div class=\"elementor-element elementor-element-1f22ccd elementor-widget elementor-widget-spacer\" data-id=\"1f22ccd\" data-element_type=\"widget\" data-widget_type=\"spacer.default\">\n\t\t\t\t<div class=\"elementor-widget-container\">\n\t\t\t\t\t<div class=\"elementor-spacer\">\n\t\t\t<div class=\"elementor-spacer-inner\"><\/div>\n\t\t<\/div>\n\t\t\t\t<\/div>\n\t\t\t\t<\/div>\n\t\t\t\t<div class=\"elementor-element elementor-element-5ef9ff1 elementor-widget elementor-widget-text-editor\" data-id=\"5ef9ff1\" data-element_type=\"widget\" data-widget_type=\"text-editor.default\">\n\t\t\t\t<div class=\"elementor-widget-container\">\n\t\t\t\t\t\t\t\t<div class=\"elementor-text-editor elementor-clearfix\">\n\t\t\t\t<p><strong>Globalpolicy.AI<\/strong>&nbsp;est une plateforme d\u00e9velopp\u00e9e gr\u00e2ce \u00e0 une coop\u00e9ration continue entre des&nbsp;<a href=\"https:\/\/globalpolicy.ai\/fr\/partners\/\">organisations intergouvernementales<\/a>&nbsp;aux mandats compl\u00e9mentaires sur l'intelligence artificielle (IA).&nbsp;&nbsp;<\/p>\n<p>Globalpolicy.AI vise \u00e0 aider les d\u00e9cideurs politiques et le public \u00e0 se retrouver dans le paysage international de la gouvernance de l'IA et \u00e0 acc\u00e9der aux connaissances, outils, donn\u00e9es et bonnes pratiques n\u00e9cessaires pour \u00e9clairer l'\u00e9laboration de politiques publiques autour de l\u2019IA. Cet objectif est r\u00e9alis\u00e9 par la coop\u00e9ration d\u2019organisations intergouvernementales qui travaillent \u00e0 la promotion du d\u00e9veloppement et de l'utilisation responsables d'une IA digne de confiance conform\u00e9ment aux droits de l'homme et aux valeurs d\u00e9mocratiques.<\/p>\n<p>La plateforme a deux objectifs principaux :&nbsp;<\/p>\n<ul>\n<li>fournir de l\u2019information sur <a href=\"https:\/\/globalpolicy.ai\/fr\/partners\/\">le travail r\u00e9alis\u00e9 par chaque organisation en mati\u00e8re d\u2019IA<\/a>aidant ainsi les d\u00e9cideurs politiques et le public en g\u00e9n\u00e9ral \u00e0 se retrouver dans le paysage international de la gouvernance de l\u2019IA et \u00e0 <a href=\"https:\/\/globalpolicy.ai\/fr\/search_gcse\/\">acc\u00e9der aux ressources pertinentes;<\/a>; et,<\/li>\n<li>renforcer la coop\u00e9ration entre les diff\u00e9rentes organisations, tirant parti du travail de chacune afin de progresser vers <a href=\"https:\/\/globalpolicy.ai\/fr\/key-focus-areas\/\">des objectifs communs.<\/a>.<\/li>\n<\/ul>\n<p>&nbsp; &nbsp; &nbsp; &nbsp; &nbsp; &nbsp; &nbsp; &nbsp; &nbsp; &nbsp; &nbsp; &nbsp; &nbsp; &nbsp; &nbsp; &nbsp; &nbsp; &nbsp; &nbsp; &nbsp; &nbsp; &nbsp; &nbsp; &nbsp; &nbsp; &nbsp; &nbsp; &nbsp; &nbsp; &nbsp; &nbsp; &nbsp; &nbsp; &nbsp; &nbsp; &nbsp; &nbsp; &nbsp; &nbsp; &nbsp; &nbsp; &nbsp; &nbsp; &nbsp; &nbsp; &nbsp; &nbsp; &nbsp; &nbsp; &nbsp; &nbsp; &nbsp; &nbsp; &nbsp; &nbsp; &nbsp; &nbsp; &nbsp; &nbsp; &nbsp; &nbsp; &nbsp; &nbsp; &nbsp; &nbsp; &nbsp; &nbsp; &nbsp; &nbsp; &nbsp; &nbsp; &nbsp; &nbsp; &nbsp; &nbsp; &nbsp; &nbsp; &nbsp; &nbsp; &nbsp; &nbsp; &nbsp; &nbsp; &nbsp; &nbsp; &nbsp; &nbsp; &nbsp; &nbsp; &nbsp; &nbsp; &nbsp; &nbsp; &nbsp; &nbsp; &nbsp; &nbsp; &nbsp; &nbsp; &nbsp; &nbsp; &nbsp; &nbsp; &nbsp; &nbsp; &nbsp; &nbsp; &nbsp; &nbsp; &nbsp; Un objectif \u00e0 moyen terme de la plateforme est de favoriser le <a href=\"https:\/\/globalpolicy.ai\/fr\/key-focus-areas\/\">d\u00e9veloppement et l\u2019usage responsable d\u2019une IA \u00e9thique et digne de confiance, qui contribue \u00e0 l\u2019atteinte des objectifs des d\u00e9veloppements durables des Nations Unies, veillant \u00e0 ce que les syst\u00e8mes d\u2019IA soient conformes aux droits de l\u2019homme et aux valeurs d\u00e9mocratiques.<\/a>.&nbsp;<span style=\"color: var( --e-global-color-text ); font-size: 1rem;\">Les organisations internationales partenaires sont actuellement en train d\u2019\u00e9tudier des projets concrets pour promouvoir le d\u00e9veloppement d\u2019une IA durable et digne de confiance.<\/span><\/p>\n<p><b>Regardez la video ci-dessous<\/b> pour entendre les interventions des directeurs des organisations participantes au sujet de l\u2019importance de cette initiative.&nbsp;<\/p>\t\t\t\t\t<\/div>\n\t\t\t\t\t\t<\/div>\n\t\t\t\t<\/div>\n\t\t\t\t\t\t<\/div>\n\t\t\t\t\t<\/div>\n\t\t<\/div>\n\t\t\t\t\t\t\t\t<\/div>\n\t\t\t\t\t<\/div>\n\t\t<\/section>\n\t\t\t\t<section class=\"has_eae_slider elementor-section elementor-top-section elementor-element elementor-element-53a5929 elementor-section-boxed elementor-section-height-default elementor-section-height-default\" data-id=\"53a5929\" data-element_type=\"section\">\n\t\t\t\t\t\t<div class=\"elementor-container elementor-column-gap-default\">\n\t\t\t\t\t\t\t<div class=\"elementor-row\">\n\t\t\t\t\t<div class=\"has_eae_slider elementor-column elementor-col-100 elementor-top-column elementor-element elementor-element-8b99874\" data-id=\"8b99874\" data-element_type=\"column\">\n\t\t\t<div class=\"elementor-column-wrap elementor-element-populated\">\n\t\t\t\t\t\t\t<div class=\"elementor-widget-wrap\">\n\t\t\t\t\t\t<div class=\"elementor-element elementor-element-46201c5 elementor-aspect-ratio-169 elementor-widget elementor-widget-video\" data-id=\"46201c5\" data-element_type=\"widget\" data-settings=\"{&quot;youtube_url&quot;:&quot;https:\\\/\\\/www.youtube.com\\\/watch?v=vx5YKzN-YBQ&quot;,&quot;video_type&quot;:&quot;youtube&quot;,&quot;controls&quot;:&quot;yes&quot;,&quot;aspect_ratio&quot;:&quot;169&quot;}\" data-widget_type=\"video.default\">\n\t\t\t\t<div class=\"elementor-widget-container\">\n\t\t\t\t\t<div class=\"elementor-wrapper elementor-fit-aspect-ratio elementor-open-inline\">\n\t\t\t<div class=\"elementor-video\"><\/div>\t\t<\/div>\n\t\t\t\t<\/div>\n\t\t\t\t<\/div>\n\t\t\t\t\t\t<\/div>\n\t\t\t\t\t<\/div>\n\t\t<\/div>\n\t\t\t\t\t\t\t\t<\/div>\n\t\t\t\t\t<\/div>\n\t\t<\/section>\n\t\t\t\t<section class=\"has_eae_slider elementor-section elementor-top-section elementor-element elementor-element-1767576 elementor-section-boxed elementor-section-height-default elementor-section-height-default\" data-id=\"1767576\" data-element_type=\"section\">\n\t\t\t\t\t\t<div class=\"elementor-container elementor-column-gap-default\">\n\t\t\t\t\t\t\t<div class=\"elementor-row\">\n\t\t\t\t\t<div class=\"has_eae_slider elementor-column elementor-col-100 elementor-top-column elementor-element elementor-element-5093897\" data-id=\"5093897\" data-element_type=\"column\">\n\t\t\t<div class=\"elementor-column-wrap elementor-element-populated\">\n\t\t\t\t\t\t\t<div class=\"elementor-widget-wrap\">\n\t\t\t\t\t\t<div class=\"elementor-element elementor-element-ed05a62 elementor-widget elementor-widget-spacer\" data-id=\"ed05a62\" data-element_type=\"widget\" data-widget_type=\"spacer.default\">\n\t\t\t\t<div class=\"elementor-widget-container\">\n\t\t\t\t\t<div class=\"elementor-spacer\">\n\t\t\t<div class=\"elementor-spacer-inner\"><\/div>\n\t\t<\/div>\n\t\t\t\t<\/div>\n\t\t\t\t<\/div>\n\t\t\t\t\t\t<\/div>\n\t\t\t\t\t<\/div>\n\t\t<\/div>\n\t\t\t\t\t\t\t\t<\/div>\n\t\t\t\t\t<\/div>\n\t\t<\/section>\n\t\t\t\t<section class=\"has_eae_slider elementor-section elementor-top-section elementor-element elementor-element-f8c7546 elementor-section-full_width elementor-section-height-default elementor-section-height-default\" data-id=\"f8c7546\" data-element_type=\"section\">\n\t\t\t\t\t\t<div class=\"elementor-container elementor-column-gap-no\">\n\t\t\t\t\t\t\t<div class=\"elementor-row\">\n\t\t\t\t\t<div class=\"has_eae_slider elementor-column elementor-col-100 elementor-top-column elementor-element elementor-element-5da8269\" data-id=\"5da8269\" data-element_type=\"column\">\n\t\t\t<div class=\"elementor-column-wrap\">\n\t\t\t\t\t\t\t<div class=\"elementor-widget-wrap\">\n\t\t\t\t\t\t\t\t<\/div>\n\t\t\t\t\t<\/div>\n\t\t<\/div>\n\t\t\t\t\t\t\t\t<\/div>\n\t\t\t\t\t<\/div>\n\t\t<\/section>\n\t\t\t\t\t\t\t\t\t<\/div>\n\t\t\t<\/div>\n\t\t\t\t\t<\/div>","protected":false},"excerpt":{"rendered":"<p>Achieving impact through intergovernmental co-operation on artificial intelligence About Key focus areas Events AI events calendar Events on Globalpolicy.AI Partners Reports FAQ Contact Search English Fran\u00e7ais About Globalpolicy.AI&nbsp;is an online platform developed through ongoing co-operation between&nbsp;intergovernmental organisations&nbsp;with complementary mandates on artificial intelligence (AI).&nbsp;&nbsp; GlobalPolicy.AI aims to help policy makers and the public navigate the international [&hellip;]<\/p>","protected":false},"author":10,"featured_media":0,"parent":0,"menu_order":0,"comment_status":"closed","ping_status":"closed","template":"","meta":[],"yoast_head":"<!-- This site is optimized with the Yoast SEO plugin v19.0 - https:\/\/yoast.com\/wordpress\/plugins\/seo\/ -->\n<title>About - Globalpolicy.AI<\/title>\n<meta name=\"robots\" content=\"index, follow, max-snippet:-1, max-image-preview:large, max-video-preview:-1\" \/>\n<link rel=\"canonical\" href=\"https:\/\/globalpolicy.ai\/fr\/about\/\" \/>\n<meta property=\"og:locale\" content=\"fr_FR\" \/>\n<meta property=\"og:type\" content=\"article\" \/>\n<meta property=\"og:title\" content=\"About - Globalpolicy.AI\" \/>\n<meta property=\"og:description\" content=\"Achieving impact through intergovernmental co-operation on artificial intelligence About Key focus areas Events AI events calendar Events on Globalpolicy.AI Partners Reports FAQ Contact Search English Fran\u00e7ais About Globalpolicy.AI&nbsp;is an online platform developed through ongoing co-operation between&nbsp;intergovernmental organisations&nbsp;with complementary mandates on artificial intelligence (AI).&nbsp;&nbsp; GlobalPolicy.AI aims to help policy makers and the public navigate the international [&hellip;]\" \/>\n<meta property=\"og:url\" content=\"https:\/\/globalpolicy.ai\/fr\/about\/\" \/>\n<meta property=\"og:site_name\" content=\"Globalpolicy.AI\" \/>\n<meta property=\"article:modified_time\" content=\"2022-06-10T11:13:40+00:00\" \/>\n<meta property=\"og:image\" content=\"https:\/\/globalpolicy.ai\/app\/uploads\/2021\/06\/GlobalPolicy-AI-Logoai-550px.png\" \/>\n<meta name=\"twitter:card\" content=\"summary_large_image\" \/>\n<meta name=\"twitter:label1\" content=\"Est. reading time\" \/>\n\t<meta name=\"twitter:data1\" content=\"2 minutes\" \/>\n<script type=\"application\/ld+json\" class=\"yoast-schema-graph\">{\"@context\":\"https:\/\/schema.org\",\"@graph\":[{\"@type\":\"WebSite\",\"@id\":\"https:\/\/globalpolicy.ai\/en\/#website\",\"url\":\"https:\/\/globalpolicy.ai\/en\/\",\"name\":\"Globalpolicy.AI\",\"description\":\"Achieving impact through intergovernmental co-operation on artificial intelligence\",\"potentialAction\":[{\"@type\":\"SearchAction\",\"target\":{\"@type\":\"EntryPoint\",\"urlTemplate\":\"https:\/\/globalpolicy.ai\/en\/?s={search_term_string}\"},\"query-input\":\"required name=search_term_string\"}],\"inLanguage\":\"fr-FR\"},{\"@type\":\"ImageObject\",\"inLanguage\":\"fr-FR\",\"@id\":\"https:\/\/globalpolicy.ai\/about\/#primaryimage\",\"url\":\"https:\/\/globalpolicy.ai\/app\/uploads\/2021\/06\/GlobalPolicy-AI-Logoai-550px.png\",\"contentUrl\":\"https:\/\/globalpolicy.ai\/app\/uploads\/2021\/06\/GlobalPolicy-AI-Logoai-550px.png\",\"width\":550,\"height\":213,\"caption\":\"globalpolicyai logo\"},{\"@type\":\"WebPage\",\"@id\":\"https:\/\/globalpolicy.ai\/about\/#webpage\",\"url\":\"https:\/\/globalpolicy.ai\/about\/\",\"name\":\"About - Globalpolicy.AI\",\"isPartOf\":{\"@id\":\"https:\/\/globalpolicy.ai\/en\/#website\"},\"primaryImageOfPage\":{\"@id\":\"https:\/\/globalpolicy.ai\/about\/#primaryimage\"},\"datePublished\":\"2021-02-03T13:43:14+00:00\",\"dateModified\":\"2022-06-10T11:13:40+00:00\",\"breadcrumb\":{\"@id\":\"https:\/\/globalpolicy.ai\/about\/#breadcrumb\"},\"inLanguage\":\"fr-FR\",\"potentialAction\":[{\"@type\":\"ReadAction\",\"target\":[\"https:\/\/globalpolicy.ai\/about\/\"]}]},{\"@type\":\"BreadcrumbList\",\"@id\":\"https:\/\/globalpolicy.ai\/about\/#breadcrumb\",\"itemListElement\":[{\"@type\":\"ListItem\",\"position\":1,\"name\":\"About\"}]}]}<\/script>\n<!-- \/ Yoast SEO plugin. -->","yoast_head_json":{"title":"About - Globalpolicy.AI","robots":{"index":"index","follow":"follow","max-snippet":"max-snippet:-1","max-image-preview":"max-image-preview:large","max-video-preview":"max-video-preview:-1"},"canonical":"https:\/\/globalpolicy.ai\/fr\/about\/","og_locale":"fr_FR","og_type":"article","og_title":"About - Globalpolicy.AI","og_description":"Achieving impact through intergovernmental co-operation on artificial intelligence About Key focus areas Events AI events calendar Events on Globalpolicy.AI Partners Reports FAQ Contact Search English Fran\u00e7ais About Globalpolicy.AI&nbsp;is an online platform developed through ongoing co-operation between&nbsp;intergovernmental organisations&nbsp;with complementary mandates on artificial intelligence (AI).&nbsp;&nbsp; GlobalPolicy.AI aims to help policy makers and the public navigate the international [&hellip;]","og_url":"https:\/\/globalpolicy.ai\/fr\/about\/","og_site_name":"Globalpolicy.AI","article_modified_time":"2022-06-10T11:13:40+00:00","og_image":[{"url":"https:\/\/globalpolicy.ai\/app\/uploads\/2021\/06\/GlobalPolicy-AI-Logoai-550px.png"}],"twitter_card":"summary_large_image","twitter_misc":{"Est. reading time":"2 minutes"},"schema":{"@context":"https:\/\/schema.org","@graph":[{"@type":"WebSite","@id":"https:\/\/globalpolicy.ai\/en\/#website","url":"https:\/\/globalpolicy.ai\/en\/","name":"Globalpolicy.AI","description":"Achieving impact through intergovernmental co-operation on artificial intelligence","potentialAction":[{"@type":"SearchAction","target":{"@type":"EntryPoint","urlTemplate":"https:\/\/globalpolicy.ai\/en\/?s={search_term_string}"},"query-input":"required name=search_term_string"}],"inLanguage":"fr-FR"},{"@type":"ImageObject","inLanguage":"fr-FR","@id":"https:\/\/globalpolicy.ai\/about\/#primaryimage","url":"https:\/\/globalpolicy.ai\/app\/uploads\/2021\/06\/GlobalPolicy-AI-Logoai-550px.png","contentUrl":"https:\/\/globalpolicy.ai\/app\/uploads\/2021\/06\/GlobalPolicy-AI-Logoai-550px.png","width":550,"height":213,"caption":"globalpolicyai logo"},{"@type":"WebPage","@id":"https:\/\/globalpolicy.ai\/about\/#webpage","url":"https:\/\/globalpolicy.ai\/about\/","name":"About - Globalpolicy.AI","isPartOf":{"@id":"https:\/\/globalpolicy.ai\/en\/#website"},"primaryImageOfPage":{"@id":"https:\/\/globalpolicy.ai\/about\/#primaryimage"},"datePublished":"2021-02-03T13:43:14+00:00","dateModified":"2022-06-10T11:13:40+00:00","breadcrumb":{"@id":"https:\/\/globalpolicy.ai\/about\/#breadcrumb"},"inLanguage":"fr-FR","potentialAction":[{"@type":"ReadAction","target":["https:\/\/globalpolicy.ai\/about\/"]}]},{"@type":"BreadcrumbList","@id":"https:\/\/globalpolicy.ai\/about\/#breadcrumb","itemListElement":[{"@type":"ListItem","position":1,"name":"About"}]}]}},"_links":{"self":[{"href":"https:\/\/globalpolicy.ai\/fr\/wp-json\/wp\/v2\/pages\/1450"}],"collection":[{"href":"https:\/\/globalpolicy.ai\/fr\/wp-json\/wp\/v2\/pages"}],"about":[{"href":"https:\/\/globalpolicy.ai\/fr\/wp-json\/wp\/v2\/types\/page"}],"author":[{"embeddable":true,"href":"https:\/\/globalpolicy.ai\/fr\/wp-json\/wp\/v2\/users\/10"}],"replies":[{"embeddable":true,"href":"https:\/\/globalpolicy.ai\/fr\/wp-json\/wp\/v2\/comments?post=1450"}],"version-history":[{"count":89,"href":"https:\/\/globalpolicy.ai\/fr\/wp-json\/wp\/v2\/pages\/1450\/revisions"}],"predecessor-version":[{"id":4323,"href":"https:\/\/globalpolicy.ai\/fr\/wp-json\/wp\/v2\/pages\/1450\/revisions\/4323"}],"wp:attachment":[{"href":"https:\/\/globalpolicy.ai\/fr\/wp-json\/wp\/v2\/media?parent=1450"}],"curies":[{"name":"wp","href":"https:\/\/api.w.org\/{rel}","templated":true}]}}